{"id":4706,"date":"2023-11-11T14:33:52","date_gmt":"2023-11-11T13:33:52","guid":{"rendered":"https:\/\/vetomshop.hu\/termek\/odont-medal\/"},"modified":"2024-08-07T16:07:27","modified_gmt":"2024-08-07T14:07:27","slug":"odont-medal","status":"publish","type":"product","link":"https:\/\/vetomshop.hu\/sv\/produkt\/odont-medal\/","title":{"rendered":"Odont Medal"},"content":{"rendered":"<h4>Odont Medal<\/h4>\n<p>Det \u00e4r ett hj\u00e4lpmedel f\u00f6r att f\u00f6rebygga och rehabilitera parodontala sjukdomar och f\u00f6r att f\u00f6rb\u00e4ttra regenerativa processer.<\/p>\n<p>Periodontium - komplexet av v\u00e4vnader som omger t\u00e4nderna.<\/p>\n<p>Parodontiet omger och st\u00f6djer t\u00e4nderna. Parodontiet utg\u00f6r en flexibel f\u00f6rankring f\u00f6r tandroten. Parodontiets huvuddelar \u00e4r: tandk\u00f6tt, periosteum, cement, parodontalligament. Deras ursprung och funktion \u00e4r gemensamma.<\/p>\n<p>Effekten av \u201eODONT\u201d-smycket \u00e4r att aktivera kroppens f\u00f6rsvar, \u00e5terst\u00e4lla de normala fysiologiska processerna i parodontiets celler och v\u00e4vnader och \u00f6ka motst\u00e5ndskraften mot ogynnsamma milj\u00f6faktorer.<\/p>\n<p>Detta verktyg har en positiv effekt p\u00e5 kroppsfunktionerna och kan anv\u00e4ndas som ett optimalt och korrigerande verktyg f\u00f6r andra tillst\u00e5nd s\u00e5som gingivit, parodontit, parodontal sjukdom, parodontala lesioner, Itsenko-Cushings, Elers-Danlos, Shediak Higashi, Downs syndrom, blodsjukdomar etc.<\/p>\n<div class=\"su-spoiler su-spoiler-style-defoult su-spoiler-icon-caret su-spoiler-closed\" data-scroll-offset=\"0\" data-anchor-in-url=\"no\"><div class=\"su-spoiler-title\" tabindex=\"0\" role=\"button\"><span class=\"su-spoiler-icon\"><\/span>Alla<\/div><div class=\"su-spoiler-content su-u-clearfix su-u-trim\">\n<strong>Effekter:<\/strong><\/p>\n<ul>\n<li>normaliserar blodcirkulationen, immunf\u00f6rsvaret och den parodontala \u00e4mnesoms\u00e4ttningen, vilket f\u00f6rhindrar uppkomsten av sjukdomar;<\/li>\n<li>bidrar till att f\u00f6rb\u00e4ttra den parodontala funktionen;<\/li>\n<li>minskar sv\u00e5righetsgraden av inflammatoriska och degenerativa fenomen vid parodontal sjukdom;<\/li>\n<li>hj\u00e4lper till att p\u00e5skynda regenerering och parodontala reparationsprocesser;<\/li>\n<li>hj\u00e4lper till att eliminera d\u00e5lig andedr\u00e4kt;<\/li>\n<li>hj\u00e4lper till att f\u00f6rhindra patologisk r\u00f6rlighet av t\u00e4nder.<\/li>\n<\/ul>\n<\/div><\/div>","protected":false},"excerpt":{"rendered":"<p>Odont Med\u00e1l Seg\u00e9deszk\u00f6z a periodont\u00e1lis betegs\u00e9gek megel\u0151z\u00e9s\u00e9re \u00e9s rehabilit\u00e1ci\u00f3j\u00e1ra, a regenerat\u00edv folyamatok fokoz\u00e1s\u00e1ra. A fog\u00e1gy (parodontium) &#8211; a fogakat k\u00f6r\u00fclvev\u0151 sz\u00f6vetek komplexuma. A parodontium k\u00f6r\u00fclveszi \u00e9s megt\u00e1masztja a fogakat. A fog\u00e1gy a fogak gy\u00f6ker\u00e9nek rugalmas elhorgonyz\u00e1s\u00e1t biztos\u00edtja. A parodontium f\u0151 r\u00e9szei: \u00edny, gy\u00f6k\u00e9rh\u00e1rtya, cement, fogmederny\u00falv\u00e1ny. Eredet\u00fck \u00e9s funkci\u00f3juk k\u00f6z\u00f6s. Az &#8222;ODONT&#8221; med\u00e1l hat\u00e1sa arra ir\u00e1nyul, [&hellip;]<\/p>\n","protected":false},"featured_media":4705,"comment_status":"open","ping_status":"closed","template":"","meta":[],"product_brand":[],"product_cat":[33,32],"product_tag":[],"class_list":{"0":"post-4706","1":"product","2":"type-product","3":"status-publish","4":"has-post-thumbnail","6":"product_cat-egeszseg-medalok","7":"product_cat-triomed","9":"first","10":"instock","11":"taxable","12":"shipping-taxable","13":"purchasable","14":"product-type-simple"},"_links":{"self":[{"href":"https:\/\/vetomshop.hu\/sv\/wp-json\/wp\/v2\/product\/4706","targetHints":{"allow":["GET"]}}],"collection":[{"href":"https:\/\/vetomshop.hu\/sv\/wp-json\/wp\/v2\/product"}],"about":[{"href":"https:\/\/vetomshop.hu\/sv\/wp-json\/wp\/v2\/types\/product"}],"replies":[{"embeddable":true,"href":"https:\/\/vetomshop.hu\/sv\/wp-json\/wp\/v2\/comments?post=4706"}],"wp:featuredmedia":[{"embeddable":true,"href":"https:\/\/vetomshop.hu\/sv\/wp-json\/wp\/v2\/media\/4705"}],"wp:attachment":[{"href":"https:\/\/vetomshop.hu\/sv\/wp-json\/wp\/v2\/media?parent=4706"}],"wp:term":[{"taxonomy":"product_brand","embeddable":true,"href":"https:\/\/vetomshop.hu\/sv\/wp-json\/wp\/v2\/product_brand?post=4706"},{"taxonomy":"product_cat","embeddable":true,"href":"https:\/\/vetomshop.hu\/sv\/wp-json\/wp\/v2\/product_cat?post=4706"},{"taxonomy":"product_tag","embeddable":true,"href":"https:\/\/vetomshop.hu\/sv\/wp-json\/wp\/v2\/product_tag?post=4706"}],"curies":[{"name":"wp","href":"https:\/\/api.w.org\/{rel}","templated":true}]}}