{"id":4708,"date":"2023-11-11T14:33:53","date_gmt":"2023-11-11T13:33:53","guid":{"rendered":"https:\/\/vetomshop.hu\/termek\/omega-medal\/"},"modified":"2023-11-11T14:33:53","modified_gmt":"2023-11-11T13:33:53","slug":"omega-medal","status":"publish","type":"product","link":"https:\/\/vetomshop.hu\/sv\/produkt\/omega-medal\/","title":{"rendered":"Omega Medal"},"content":{"rendered":"<h4>Omega Medal<\/h4>\n<p>Daglig anv\u00e4ndning av Triomed Medals kan bidra till att uppn\u00e5 ett l\u00e5ngt, lyckligt och h\u00e4lsosamt liv. De harmoniserar kroppen p\u00e5 ett skonsamt s\u00e4tt och kan bidra till korrigering av energiinformation.<\/p>\n<p>Vem rekommenderas det f\u00f6r?<\/p>\n<p>F\u00f6r alla som lider av h\u00f6gt blodtryck och cirkulationsproblem.<\/p>\n<p><strong>Viktig varning:<\/strong><\/p>\n<p>R\u00e5dfr\u00e5ga alltid l\u00e4kare om du har en hj\u00e4rt- och k\u00e4rlsjukdom. F\u00f6rutom den behandling som ordinerats av din l\u00e4kare kan du ocks\u00e5 anv\u00e4nda Triomed Omega Medal f\u00f6r att fr\u00e4mja l\u00e4kning och p\u00e5skynda regenereringsprocessen.<\/p>\n<p>Barn under 6 \u00e5r b\u00f6r endast anv\u00e4nda produkten under uppsikt av f\u00f6r\u00e4lder!<\/p>\n<p>Triomed Pendants \u00e4r vattent\u00e4ta och kan placeras i vatten.<\/p>\n<p>Alla Triomed-medaljer genomg\u00e5r ett s\u00e4rskilt spektralt - fotometriskt - test innan de sl\u00e4pps till f\u00f6rs\u00e4ljning, vilket s\u00e4kerst\u00e4ller signalernas kvalitet och enhetlighet.<\/p>","protected":false},"excerpt":{"rendered":"<p>Omega Med\u00e1l A Triomed Med\u00e1lok napi szinten t\u00f6rt\u00e9n\u0151 alkalmaz\u00e1sa t\u00e1mogathatja a hossz\u00fa, boldog, eg\u00e9szs\u00e9ges \u00e9let el\u00e9r\u00e9s\u00e9t. L\u00e1gyan harmoniz\u00e1lj\u00e1k a szervezetet, hozz\u00e1j\u00e1rulhatnak az energia-inform\u00e1ci\u00f3s korrekci\u00f3hoz. Kiknek aj\u00e1nljuk? Mindazoknak, akik magas v\u00e9rnyom\u00e1st\u00f3l, kering\u00e9si probl\u00e9m\u00e1kt\u00f3l szenvednek. Fontos figyelmeztet\u00e9s: A sz\u00edv-\u00e9s \u00e9rrendszer megbeteged\u00e9sein\u00e9l mindig forduljon orvoshoz. Az orvos \u00e1ltal el\u0151\u00edrt kezel\u00e9s mellett p\u00e1rhuzamosan alkalmazhatja a Triomed Omega Med\u00e1lt a [&hellip;]<\/p>\n","protected":false},"featured_media":4707,"comment_status":"open","ping_status":"closed","template":"","meta":[],"product_brand":[],"product_cat":[33,32],"product_tag":[],"class_list":{"0":"post-4708","1":"product","2":"type-product","3":"status-publish","4":"has-post-thumbnail","6":"product_cat-egeszseg-medalok","7":"product_cat-triomed","9":"first","10":"instock","11":"taxable","12":"shipping-taxable","13":"purchasable","14":"product-type-simple"},"_links":{"self":[{"href":"https:\/\/vetomshop.hu\/sv\/wp-json\/wp\/v2\/product\/4708","targetHints":{"allow":["GET"]}}],"collection":[{"href":"https:\/\/vetomshop.hu\/sv\/wp-json\/wp\/v2\/product"}],"about":[{"href":"https:\/\/vetomshop.hu\/sv\/wp-json\/wp\/v2\/types\/product"}],"replies":[{"embeddable":true,"href":"https:\/\/vetomshop.hu\/sv\/wp-json\/wp\/v2\/comments?post=4708"}],"wp:featuredmedia":[{"embeddable":true,"href":"https:\/\/vetomshop.hu\/sv\/wp-json\/wp\/v2\/media\/4707"}],"wp:attachment":[{"href":"https:\/\/vetomshop.hu\/sv\/wp-json\/wp\/v2\/media?parent=4708"}],"wp:term":[{"taxonomy":"product_brand","embeddable":true,"href":"https:\/\/vetomshop.hu\/sv\/wp-json\/wp\/v2\/product_brand?post=4708"},{"taxonomy":"product_cat","embeddable":true,"href":"https:\/\/vetomshop.hu\/sv\/wp-json\/wp\/v2\/product_cat?post=4708"},{"taxonomy":"product_tag","embeddable":true,"href":"https:\/\/vetomshop.hu\/sv\/wp-json\/wp\/v2\/product_tag?post=4708"}],"curies":[{"name":"wp","href":"https:\/\/api.w.org\/{rel}","templated":true}]}}