{"id":4710,"date":"2023-11-11T14:33:53","date_gmt":"2023-11-11T13:33:53","guid":{"rendered":"https:\/\/vetomshop.hu\/termek\/prunus-cerasus-meggy-medal\/"},"modified":"2023-11-11T14:33:53","modified_gmt":"2023-11-11T13:33:53","slug":"prunus-cerasus-meggy-medal","status":"publish","type":"product","link":"https:\/\/vetomshop.hu\/sv\/produkt\/prunus-cerasus-meggy-medal\/","title":{"rendered":"Prunus cerasus - Meggy h\u00e4nge"},"content":{"rendered":"<h4>Prunus cerasus - Meggy Medal-Streptococcus, Staphylococcus f\u00f6r ytterligare behandling av infektioner<\/h4>\n<p>Streptococcus pyogenes, \u00e4ven k\u00e4nd som streptokocker typ A, \u00e4r en extremt vanlig bakterie: knappast n\u00e5gon har n\u00e5gonsin haft ont i halsen utan denna oftast ofarliga bakterie som s\u00e4tter sig i halsen. Men samma halsbakterie \u00e4r ocks\u00e5 orsaken till scharlakansfeber, en barnsjukdom med feber och utslag \u00f6ver hela kroppen, genom sina toxiner som uts\u00f6ndras i blodomloppet. Faktum \u00e4r att l\u00e5ngvariga obehandlade streptokockinfektioner kan leda till reumatisk feber, en allvarlig sjukdom som angriper lederna och hj\u00e4rtat.<\/p>\n<p>Staphylococcus aureus \u00e4r en lika vanlig bakterie som finns p\u00e5 i stort sett all v\u00e5r hud och \u00e4r en av orsakerna till pustul\u00f6s akne och pustler. \u00c4ven om dessa hudf\u00f6r\u00e4ndringar i b\u00e4sta fall kan anses vara obehagliga kan envisa hud\u00e5kommor, s\u00e4rskilt hos barn, som b\u00f6lder eller abscesser p\u00e5 olika delar av kroppen orsaka allvarliga problem, f\u00f6r att inte tala om allvarliga och potentiellt d\u00f6dliga infektioner som lunginflammation, hj\u00e4rnhinneinflammation, osteomyelit eller perikardit. Stafylokocker, som fr\u00e4mst koloniserar v\u00e5r hud, kan orsaka allt detta om de f\u00e5r chansen.<\/p>\n<div class=\"su-spoiler su-spoiler-style-defoult su-spoiler-icon-caret su-spoiler-closed\" data-scroll-offset=\"0\" data-anchor-in-url=\"no\"><div class=\"su-spoiler-title\" tabindex=\"0\" role=\"button\"><span class=\"su-spoiler-icon\"><\/span>Alla<\/div><div class=\"su-spoiler-content su-u-clearfix su-u-trim\">\n<h5>Vad kan vardagliga mikrober p\u00e5 fel plats orsaka?<\/h5>\n<p>L\u00e4rdomen \u00e4r att en till synes harml\u00f6s bakterie bara \u00e4r relativt harml\u00f6s tills den befinner sig p\u00e5 en plats d\u00e4r den inte har n\u00e5got att g\u00f6ra: s\u00e4rskilt i djupa v\u00e4vnader och<br \/>\nin i blodomloppet. Om till exempel streptokocker eller stafylokocker n\u00e5r underhudsv\u00e4vnaden genom en skada kan de sprida sig extremt snabbt och destruktivt l\u00e4ngs bindv\u00e4vshinnorna som omsluter muskler och nerver - i dagligt tal kallat \u201ek\u00f6tt\u00e4tande\u201d. Ett n\u00e5lstick, ett insektsbett eller ett bl\u00e5m\u00e4rke kan vara allt som kr\u00e4vs f\u00f6r att de ska tr\u00e4nga igenom huden - det beh\u00f6ver inte vara katastrofalt, ett knappt synligt s\u00e5r r\u00e4cker. Risken \u00f6kar om huden redan \u00e4r skadad - t.ex. efter en operation, ett akut utslag p\u00e5 grund av en virusinfektion eller som en komplikation till diabetes - eller om immunf\u00f6rsvaret \u00e4r f\u00f6rsvagat.<\/p>\n<h5>\u201e\u00c4ter den k\u00f6tt\u00e4tande bakterien \u201dk\u00f6tt\"?<\/h5>\n<p>\u201eK\u00f6tt\u00e4tande bakterier\u201d utg\u00f6r inte en skr\u00e4mmande och exotisk grupp av patogener: i de flesta fall \u00e4r vanliga mikrober, felplacerade p\u00e5 fel plats, orsaken till allvarliga<br \/>\nen livshotande process som inneb\u00e4r att v\u00e4vnader f\u00f6rst\u00f6rs.<\/p>\n<h5>Hur fungerar processen?<\/h5>\n<p>Den \u201ek\u00f6tt\u00e4tande infektionen\u201d, formellt k\u00e4nd som nekrotiserande fasciit (nekrotiserande fasciit), b\u00f6rjar med n\u00e5gra f\u00e5 karakteristiska symtom: svullnad, rodnad, sm\u00e4rta och eventuellt bl\u00e5sbildning i det drabbade omr\u00e5det. Eftersom processen \u00e4r djupg\u00e5ende har det redan skett en massiv f\u00f6rst\u00f6relse av de subkutana mjukdelarna n\u00e4r de purpurf\u00e4rgade missf\u00e4rgade omr\u00e5dena i huden, de blodiga bl\u00e5sorna, har bildats.<\/p>\n<\/div><\/div>","protected":false},"excerpt":{"rendered":"<p>Prunus cerasus \u2013 Meggy Med\u00e1l-Streptococcus, Staphylococcus fert\u0151z\u00e9sek kieg\u00e9sz\u00edt\u0151 kezel\u00e9s\u00e9re A Streptococcus pyogenes, m\u00e1s nev\u00e9n az A-t\u00edpus\u00fa sztreptokokkusz rendk\u00edv\u00fcl k\u00f6z\u00f6ns\u00e9ges bakt\u00e9rium: aligha akad, akinek ne okozott volna m\u00e9g torokf\u00e1j\u00e1st ez a garatban megteleped\u0151, jobb\u00e1ra \u00e1rtalmatlan k\u00f3rokoz\u00f3. \u00c1m ugyanez a toroklak\u00f3 bakt\u00e9rium &#8211; a v\u00e9r\u00e1ramba kiv\u00e1lasztott m\u00e9reganyagai r\u00e9v\u00e9n &#8211; a skarl\u00e1t, a l\u00e1zzal \u00e9s a teljes testet [&hellip;]<\/p>\n","protected":false},"featured_media":4709,"comment_status":"open","ping_status":"closed","template":"","meta":[],"product_brand":[],"product_cat":[33,32],"product_tag":[],"class_list":{"0":"post-4710","1":"product","2":"type-product","3":"status-publish","4":"has-post-thumbnail","6":"product_cat-egeszseg-medalok","7":"product_cat-triomed","9":"first","10":"instock","11":"taxable","12":"shipping-taxable","13":"purchasable","14":"product-type-simple"},"_links":{"self":[{"href":"https:\/\/vetomshop.hu\/sv\/wp-json\/wp\/v2\/product\/4710","targetHints":{"allow":["GET"]}}],"collection":[{"href":"https:\/\/vetomshop.hu\/sv\/wp-json\/wp\/v2\/product"}],"about":[{"href":"https:\/\/vetomshop.hu\/sv\/wp-json\/wp\/v2\/types\/product"}],"replies":[{"embeddable":true,"href":"https:\/\/vetomshop.hu\/sv\/wp-json\/wp\/v2\/comments?post=4710"}],"wp:featuredmedia":[{"embeddable":true,"href":"https:\/\/vetomshop.hu\/sv\/wp-json\/wp\/v2\/media\/4709"}],"wp:attachment":[{"href":"https:\/\/vetomshop.hu\/sv\/wp-json\/wp\/v2\/media?parent=4710"}],"wp:term":[{"taxonomy":"product_brand","embeddable":true,"href":"https:\/\/vetomshop.hu\/sv\/wp-json\/wp\/v2\/product_brand?post=4710"},{"taxonomy":"product_cat","embeddable":true,"href":"https:\/\/vetomshop.hu\/sv\/wp-json\/wp\/v2\/product_cat?post=4710"},{"taxonomy":"product_tag","embeddable":true,"href":"https:\/\/vetomshop.hu\/sv\/wp-json\/wp\/v2\/product_tag?post=4710"}],"curies":[{"name":"wp","href":"https:\/\/api.w.org\/{rel}","templated":true}]}}