{"id":4714,"date":"2023-11-11T14:33:54","date_gmt":"2023-11-11T13:33:54","guid":{"rendered":"https:\/\/vetomshop.hu\/termek\/triomed-compact\/"},"modified":"2023-11-11T14:33:54","modified_gmt":"2023-11-11T13:33:54","slug":"triomed-compact","status":"publish","type":"product","link":"https:\/\/vetomshop.hu\/sv\/produkt\/triomed-compact\/","title":{"rendered":"Triomed kompakt"},"content":{"rendered":"<h4>Sm\u00e4rtlindring, inflammationsreducering, rehabilitering, kiropraktik, f\u00f6rsta hj\u00e4lpen, kroniska sjukdomar, elektrosmog, stress, ljusterapi<\/h4>\n<p>Innovationssystem f\u00f6r h\u00e4lsoskydd och \u00e5terh\u00e4mtning <strong>Triomed kompakt.<\/strong><\/p>\n<p>Vi h\u00f6r n\u00e4stan dagligen att v\u00e5r omgivning har blivit alltmer aggressiv.<\/p>\n<p>Kemikalier i mat och vatten, luftf\u00f6roreningar och ett allt snabbare tempo i livet uts\u00e4tter v\u00e5ra kroppar f\u00f6r stora p\u00e5frestningar. Civilisationssjukdomar, som beror p\u00e5 f\u00f6r\u00e4ndrade milj\u00f6faktorer och kostvanor, arbetsf\u00f6rh\u00e5llanden och stress, kan ocks\u00e5 ge anledning till allvarlig oro. Att bota dem \u00e4r en stor utmaning f\u00f6r l\u00e4karna, som ofta st\u00e5r handfallna inf\u00f6r denna utmaning. Ofta f\u00e5r vi efter l\u00e5nga utredningar ett latinskt namn p\u00e5 diagnosen som l\u00e5ter bra (eller snarare d\u00e5ligt) och r\u00e5det att leva med det.<\/p>\n<p>Men \u00e4r det trevligt att leva ett liv i ett s\u00e5dant olyckligt tillst\u00e5nd, att tillbringa decennier mellan sjukdom och d\u00f6d? Hur mycket sm\u00e4rta, uppgivenhet, energi, pengar, tid, besvikelse f\u00f6ljer inte patienten p\u00e5 v\u00e4gen? Hur m\u00e5nga ouppfyllda planer, m\u00e5l, karri\u00e4rer, \u00f6nskningar kastas bort f\u00f6r att det fr\u00e5n och med d\u00e5 bara handlar om sjukdomen?<\/p>\n<div class=\"su-spoiler su-spoiler-style-defoult su-spoiler-icon-caret su-spoiler-closed\" data-scroll-offset=\"0\" data-anchor-in-url=\"no\"><div class=\"su-spoiler-title\" tabindex=\"0\" role=\"button\"><span class=\"su-spoiler-icon\"><\/span>Alla<\/div><div class=\"su-spoiler-content su-u-clearfix su-u-trim\">\n<p>Fr\u00e5gan \u00e4r om vi kan vara friska om vi inte f\u00f6r\u00e4ndrar oss<\/p>\n<p>Om de grundl\u00e4ggande orsakerna till sjukdomar och endast partiella l\u00f6sningar?<\/p>\n<p>Svaret \u00e4r helt klart NEJ! L\u00e4r k\u00e4nna ett komplext system som \u00e4r unikt i sitt slag!<\/p>\n<p>V\u00e5ra verktyg kan behandla dina sjukdomar, f\u00f6rb\u00e4ttra din livskvalitet, hj\u00e4lpa dig att anpassa dig till en f\u00f6r\u00e4nderlig och st\u00e4ndigt f\u00f6r\u00e4nderlig milj\u00f6 och f\u00f6r\u00e4ndra den.<\/p>\n<p>Inte bara n\u00e4r det g\u00e4ller olika sjukdomar, sm\u00e4rtor, inflammationer, autoimmuna processer, d\u00e5ligt hum\u00f6r, kan vi uppn\u00e5 utm\u00e4rkta resultat utan ocks\u00e5 eliminera grundorsakerna! Allt detta g\u00f6rs av enheten som kommunicerar med din kropp, varje impuls \u00e4r ett svar p\u00e5 ditt nuvarande tillst\u00e5nd.<\/p>\n<p>Biofeedback - radiofrekvensomr\u00e5de.<\/p>\n<p>Systemiskt h\u00e4lsoskydd! unikt tillv\u00e4gag\u00e5ngss\u00e4tt!<\/p>\n<p>Med en enkel knapptryckning:<\/p>\n<ul>\n<li>F\u00f6rb\u00e4ttra din ekologiska milj\u00f6 - millimeterterapi \u00f6ver hela torget,<\/li>\n<li>F\u00f6rb\u00e4ttrar kvaliteten p\u00e5 vatten och livsmedel - \u00e5terst\u00e4ller regelbundenheten hos vatten och vatten i livsmedel, vilket minskar skadliga effekter.<\/li>\n<li>Det minskar stress p\u00e5 jobbet och i andra sammanhang och \u00f6kar v\u00e5r motst\u00e5ndskraft.<\/li>\n<\/ul>\n<p>N\u00e4sta steg: anv\u00e4nd det som ett botemedel f\u00f6r att l\u00f6sa dina problem!<\/p>\n<p>Triomed Compact - Proffset!<\/p>\n<p><strong>Erfarenhet:<\/strong> Jag har ocks\u00e5 haft mycket goda erfarenheter av Triomed och Compact. N\u00e4r vi blev sjuka blev vi helt botade fr\u00e5n \u00e4ven de mest envisa bakterierna p\u00e5 tv\u00e5 eller tre dagar utan medicinering. Jag \u00e4r gravid och vid ett av mina ultraljud uppt\u00e4ckte l\u00e4karen en cysta i skallen p\u00e5 v\u00e5rt barn. Han f\u00f6rs\u00e4krade mig om att inget skulle g\u00e5 fel och jag var helt lugn, eftersom jag visste att cystan efter n\u00e5gra behandlingar skulle vara helt absorberad. Och det gjorde den!!! Jag skulle verkligen inte ha varit en lugn mamma om jag inte hade vetat att dessa apparater fanns. Jag \u00e4r s\u00e5 glad att jag hittade de h\u00e4r apparaterna innan barnet skulle f\u00f6das.<\/p>\n<p>Var uppm\u00e4rksam p\u00e5 detta! Apparaten \u00e4r inte en ers\u00e4ttning f\u00f6r medicinsk behandling!<\/p>\n<p>Varje l\u00e4ge implementerar ett specifikt program<\/p>\n<p>TRIOMED COMPACT ARBETAR I \u00c5TTA OLIKA L\u00c4GEN.<\/p>\n<p>Varje l\u00e4ge implementerar ett specifikt, unikt program.<\/p>\n<\/div><\/div>","protected":false},"excerpt":{"rendered":"<p>F\u00e1jdalomcsillap\u00edt\u00e1s, gyullad\u00e1s cs\u00f6kkent\u00e9s, lugos\u00edt\u00e1s, rehabilit\u00e1ci\u00f3, oki kezel\u00e9s, els\u0151seg\u00e9ly, kr\u00f3nikus betegs\u00e9gek, elektroszmog, stressz, f\u00e9nyter\u00e1pia Az eg\u00e9szs\u00e9g v\u00e9delm\u00e9nek \u00e9s vissza\u00e1ll\u00edt\u00e1s\u00e1nak innov\u00e1ci\u00f3s rendszere \u2013 Triomed compact. Szinte naponta hallunk arr\u00f3l, hogy k\u00f6rnyezet\u00fcnk egyre agressz\u00edvebb\u00e9 v\u00e1lt. Az \u00e9lelmiszerekben \u00e9s a v\u00edzben tal\u00e1lhat\u00f3 vegyszerek, a leveg\u0151 szennyezetts\u00e9ge, az egyre gyorsabb \u00e9lettemp\u00f3 komoly kih\u00edv\u00e1sok el\u00e9 \u00e1ll\u00edtja szervezet\u00fcnket. Komoly aggodalomra adhatnak okot [&hellip;]<\/p>\n","protected":false},"featured_media":4713,"comment_status":"open","ping_status":"closed","template":"","meta":[],"product_brand":[],"product_cat":[34,32],"product_tag":[],"class_list":{"0":"post-4714","1":"product","2":"type-product","3":"status-publish","4":"has-post-thumbnail","6":"product_cat-keszulekek","7":"product_cat-triomed","9":"first","10":"instock","11":"taxable","12":"shipping-taxable","13":"purchasable","14":"product-type-simple"},"_links":{"self":[{"href":"https:\/\/vetomshop.hu\/sv\/wp-json\/wp\/v2\/product\/4714","targetHints":{"allow":["GET"]}}],"collection":[{"href":"https:\/\/vetomshop.hu\/sv\/wp-json\/wp\/v2\/product"}],"about":[{"href":"https:\/\/vetomshop.hu\/sv\/wp-json\/wp\/v2\/types\/product"}],"replies":[{"embeddable":true,"href":"https:\/\/vetomshop.hu\/sv\/wp-json\/wp\/v2\/comments?post=4714"}],"wp:featuredmedia":[{"embeddable":true,"href":"https:\/\/vetomshop.hu\/sv\/wp-json\/wp\/v2\/media\/4713"}],"wp:attachment":[{"href":"https:\/\/vetomshop.hu\/sv\/wp-json\/wp\/v2\/media?parent=4714"}],"wp:term":[{"taxonomy":"product_brand","embeddable":true,"href":"https:\/\/vetomshop.hu\/sv\/wp-json\/wp\/v2\/product_brand?post=4714"},{"taxonomy":"product_cat","embeddable":true,"href":"https:\/\/vetomshop.hu\/sv\/wp-json\/wp\/v2\/product_cat?post=4714"},{"taxonomy":"product_tag","embeddable":true,"href":"https:\/\/vetomshop.hu\/sv\/wp-json\/wp\/v2\/product_tag?post=4714"}],"curies":[{"name":"wp","href":"https:\/\/api.w.org\/{rel}","templated":true}]}}