{"id":4716,"date":"2023-11-11T14:33:55","date_gmt":"2023-11-11T13:33:55","guid":{"rendered":"https:\/\/vetomshop.hu\/termek\/triomed-mmw\/"},"modified":"2023-11-11T14:33:55","modified_gmt":"2023-11-11T13:33:55","slug":"triomed-mmw","status":"publish","type":"product","link":"https:\/\/vetomshop.hu\/sv\/produkt\/triomed-mmw\/","title":{"rendered":"Triomed MMW"},"content":{"rendered":"<h4>TRIOMED UNIVERSAL - SJUKDOMSSPECIALISTEN<\/h4>\n<p>Vad \u00e4r nyckeln till \u00e5terh\u00e4mtning? Vad \u00e4r l\u00f6sningen p\u00e5 de otaliga h\u00e4lsoproblemen?<\/p>\n<p>Svaret \u00e4r enkelt, men l\u00f6sningen kunde bara hittas i dagens moderna v\u00e4rld av IT-uppfinningar, n\u00e4r en supersnabb halvledarbaserad SiGe-baserad generator skapades som genererar signaler som \u00e4r identiska med dem fr\u00e5n celler och organismer. Denna innovation har m\u00f6jliggjort biologisk kommunikation mellan en apparat och en m\u00e4nniska. Den medicinska innovationen har patenterats som BioTrEM-teknik.<br \/>\nL\u00e5t oss titta p\u00e5 ett vardagligt exempel. All sjukv\u00e5rdspersonal vet att \u00e4ven om farbror Hans och faster Greta b\u00e5da har h\u00f6gt blodtryck, s\u00e5 \u00e4r den enda likheten mellan de tv\u00e5 personernas tillst\u00e5nd deras symtom. De har ingenting gemensamt, varken n\u00e4r det g\u00e4ller debut eller andra parametrar som \u00e5lder, k\u00f6n, historia, orsak eller sjukdomsf\u00f6rlopp. Men b\u00e5da personerna tar samma medicin, eftersom v\u00e5rdgivarna hittills inte har haft m\u00f6jlighet att behandla dessa tv\u00e5 personer p\u00e5 olika s\u00e4tt.<\/p>\n<p>Triomed Universal-enheten \u00e4r unik eftersom den behandlar varje person p\u00e5 olika s\u00e4tt tack vare sina sjukdomsspecifika anslutningsbara s\u00e4ndare, t.ex. den speciella Cardiology-s\u00e4ndaren, som koordineras med patienten i varje \u00f6gonblick av behandlingen. Frekvensen hos Cardiology Connectable to Triomed Universal motsvarar den h\u00e4lsosamma frekvensen i hj\u00e4rt-k\u00e4rlsystemet och anv\u00e4nder dessa subtila signaler f\u00f6r att st\u00e4lla in kroppen s\u00e5 att den \u00e5ter fungerar som den ska. Detta g\u00f6r behandlingen personlig, anpassar sig till de f\u00f6r\u00e4ndringar som sker i en persons kropp och anpassar sig till den i varje \u00f6gonblick.<\/p>\n<div class=\"su-spoiler su-spoiler-style-defoult su-spoiler-icon-caret su-spoiler-closed\" data-scroll-offset=\"0\" data-anchor-in-url=\"no\"><div class=\"su-spoiler-title\" tabindex=\"0\" role=\"button\"><span class=\"su-spoiler-icon\"><\/span>Alla<\/div><div class=\"su-spoiler-content su-u-clearfix su-u-trim\">\n<p><strong>Biofeedback i radiofrekvensomr\u00e5det!<\/strong><\/p>\n<p>Denna innovativa uppfinning \u00e4r det som g\u00f6r denna serie s\u00e5 unik och s\u00e5 effektiv!<\/p>\n<p>T\u00e4nk efter: k\u00e4nner vi till en apparat som f\u00f6ljer varje steg vi tar, som styrs automatiskt av oss, oberoende av v\u00e5rt medvetande, och som - l\u00e5t oss vara \u00e4rliga! - kan lura oss?!<\/p>\n<p>TRIOMED UNIVERSAL har tv\u00e5 toppmoderna s\u00e4ndare i grundutf\u00f6randet, som kan anv\u00e4ndas b\u00e5de f\u00f6r behandling och f\u00f6rebyggande av sjukdomar. Apparaten kan aktivera ett stort antal program och underprogram - n\u00e4stan tusen stycken. F\u00f6r detta \u00e4ndam\u00e5l kan enheten ut\u00f6kas med 11 plug-in-huvuden p\u00e5 beg\u00e4ran, vilket ger nya funktioner och m\u00f6jligheter till basenheten. Ett utm\u00e4rkt verktyg f\u00f6r l\u00e4kare, v\u00e5rdinr\u00e4ttningar, healers och det perfekta tillskottet till ditt hemapotek!<\/p>\n<p><strong>Den \u00e4r l\u00e4tt att anv\u00e4nda, man kan s\u00e4ga: en barnlek!<\/strong><\/p>\n<p>Produkten klassificeras som en medicinteknisk produkt f\u00f6r aktiv elektromagnetisk stimulering, avsedd f\u00f6r f\u00f6rebyggande och behandling av patologiska tillst\u00e5nd genom applicering av l\u00e5gintensiv, extremt h\u00f6gfrekvent och infrar\u00f6d (IV) elektromagnetisk str\u00e5lning genom huden. Den bidrar till att p\u00e5skynda l\u00e4kningsprocessen, minska m\u00e4ngden medicinering och dess biverkningar samt uppn\u00e5 positiva kliniska resultat hos patienter med d\u00e5lig tolerans mot medicinering. Enheten kan anv\u00e4ndas p\u00e5 v\u00e5rdinr\u00e4ttningar eller i hemmet.<br \/>\nApparaten har antiinflammatoriska, sm\u00e4rtstillande och \u00f6demh\u00e4mmande effekter. Andra kliniskt-fysiologiska effekter manifesteras i cellregenereringsprocesser, f\u00f6rb\u00e4ttring av kroppens motst\u00e5ndskraft, f\u00f6rb\u00e4ttring av hemodynamiken, stresslindring och normalisering av regleringen av det autonoma nervsystemet.<\/p>\n<\/div><\/div>","protected":false},"excerpt":{"rendered":"<p>TRIOMED UNIVERSAL \u2013 A BETEGS\u00c9GEK SPECIALIST\u00c1JA Mi a gy\u00f3gyul\u00e1s kulcsa? Mi lenne a megold\u00e1s a sz\u00e1mtalan eg\u00e9szs\u00e9g\u00fcgyi probl\u00e9m\u00e1ra? A v\u00e1lasz egyszer\u0171, de a megold\u00e1s csak a mai modern, informatikai tal\u00e1lm\u00e1nyokkal b\u0151velked\u0151 vil\u00e1gunkban tudott megval\u00f3sulni, mikor is siker\u00fclt l\u00e9trehozni egy olyan szupergyors f\u00e9lvezet\u0151 SiGe alap\u00fa gener\u00e1tort, mely a sejtekkel, szervezettel azonos jeleket gener\u00e1l. Ennek az innov\u00e1ci\u00f3nak [&hellip;]<\/p>\n","protected":false},"featured_media":4715,"comment_status":"open","ping_status":"closed","template":"","meta":[],"product_brand":[],"product_cat":[34,32],"product_tag":[],"class_list":{"0":"post-4716","1":"product","2":"type-product","3":"status-publish","4":"has-post-thumbnail","6":"product_cat-keszulekek","7":"product_cat-triomed","9":"first","10":"instock","11":"taxable","12":"shipping-taxable","13":"purchasable","14":"product-type-simple"},"_links":{"self":[{"href":"https:\/\/vetomshop.hu\/sv\/wp-json\/wp\/v2\/product\/4716","targetHints":{"allow":["GET"]}}],"collection":[{"href":"https:\/\/vetomshop.hu\/sv\/wp-json\/wp\/v2\/product"}],"about":[{"href":"https:\/\/vetomshop.hu\/sv\/wp-json\/wp\/v2\/types\/product"}],"replies":[{"embeddable":true,"href":"https:\/\/vetomshop.hu\/sv\/wp-json\/wp\/v2\/comments?post=4716"}],"wp:featuredmedia":[{"embeddable":true,"href":"https:\/\/vetomshop.hu\/sv\/wp-json\/wp\/v2\/media\/4715"}],"wp:attachment":[{"href":"https:\/\/vetomshop.hu\/sv\/wp-json\/wp\/v2\/media?parent=4716"}],"wp:term":[{"taxonomy":"product_brand","embeddable":true,"href":"https:\/\/vetomshop.hu\/sv\/wp-json\/wp\/v2\/product_brand?post=4716"},{"taxonomy":"product_cat","embeddable":true,"href":"https:\/\/vetomshop.hu\/sv\/wp-json\/wp\/v2\/product_cat?post=4716"},{"taxonomy":"product_tag","embeddable":true,"href":"https:\/\/vetomshop.hu\/sv\/wp-json\/wp\/v2\/product_tag?post=4716"}],"curies":[{"name":"wp","href":"https:\/\/api.w.org\/{rel}","templated":true}]}}