{"id":4718,"date":"2023-11-11T14:33:56","date_gmt":"2023-11-11T13:33:56","guid":{"rendered":"https:\/\/vetomshop.hu\/termek\/antidiabetikus-jelado\/"},"modified":"2023-11-11T14:33:56","modified_gmt":"2023-11-11T13:33:56","slug":"antidiabetikus-jelado","status":"publish","type":"product","link":"https:\/\/vetomshop.hu\/sv\/produkt\/antidiabetikus-jelado\/","title":{"rendered":"Antidiabetisk fyr"},"content":{"rendered":"<h4>Antidiabetisk radiator \u21167.<\/h4>\n<p>Drifttid: 13 minuter.<\/p>\n<p>Dess frekvens motsvarar frekvensen hos receptorf\u00e4lten i bukspottk\u00f6rtelceller och insulinberoende v\u00e4vnader.<\/p>\n<p>Det kan anv\u00e4ndas i komplexa program f\u00f6r f\u00f6rebyggande av diabetes och behandling av typ I- och typ II-diabetes, i syfte att f\u00f6rhindra utvecklingen av komplikationer.<\/p>\n<ul>\n<li>Fr\u00e4mjar optimeringen av metaboliska processer (kolhydrater, lipider, proteiner, mineraler).<\/li>\n<li>F\u00f6rb\u00e4ttrar \u00e4mnesoms\u00e4ttningen (metaboliska processer) i bukspottk\u00f6rtelns celler.<\/li>\n<li>Optimerar insulinproduktionen i bukspottk\u00f6rtelns celler.<\/li>\n<li>\u00d6kar v\u00e4vnadernas k\u00e4nslighet f\u00f6r insulin.<\/li>\n<li>F\u00f6rb\u00e4ttrar receptorstatusen hos celler i insulinberoende v\u00e4vnader<\/li>\n<li>F\u00f6rebygger \u00f6dem<\/li>\n<li>Det p\u00e5skyndar regenerering och reparation av bukspottk\u00f6rtelceller.<\/li>\n<li>Det har en proinflammatorisk effekt.<\/li>\n<li>F\u00f6rb\u00e4ttrar blodcirkulationen.<\/li>\n<li>F\u00f6rhindrar utveckling av diabetes.<\/li>\n<li>F\u00f6rebygger utvecklingen av komplikationer vid diabetes.<\/li>\n<\/ul>\n<div class=\"su-spoiler su-spoiler-style-defoult su-spoiler-icon-caret su-spoiler-closed\" data-scroll-offset=\"0\" data-anchor-in-url=\"no\"><div class=\"su-spoiler-title\" tabindex=\"0\" role=\"button\"><span class=\"su-spoiler-icon\"><\/span>Alla<\/div><div class=\"su-spoiler-content su-u-clearfix su-u-trim\">\nRekommenderade behandlingsomr\u00e5den: i biologiskt aktiva punkter och zoner. De rekommenderade behandlingarna kan upprepas 2-3 g\u00e5nger per \u00e5r, efter minst 3 m\u00e5nader, tills tillst\u00e5ndet f\u00f6rb\u00e4ttras, och kan kompletteras med andra bioinformatiska behandlingar.<\/p>\n<\/div><\/div>","protected":false},"excerpt":{"rendered":"<p>Antidiabetikus sug\u00e1rz\u00f3 \u21167. M\u0171k\u00f6d\u00e9si ideje: 13 perc. Frekvenci\u00e1ja a hasny\u00e1lmirigy sejtjei \u00e9s az inzulinf\u00fcgg\u0151 sz\u00f6vetek receptormez\u0151i frekvenci\u00e1j\u00e1nak felel meg. A cukorbetegs\u00e9g megel\u0151z\u00e9s\u00e9nek, valamint az I. \u00e9s II. tipus\u00fa cukorbetegs\u00e9g kezel\u00e9s\u00e9nek komplex programjaiban, a sz\u00f6v\u0151dm\u00e9nyek kialakul\u00e1sa megel\u0151z\u00e9s\u00e9nek c\u00e9lj\u00e1b\u00f3l alkalmazhat\u00f3. Az anyagcsere folyamatok (sz\u00e9nhidr\u00e1t, lipid, feh\u00e9rje, \u00e1sv\u00e1nyi anyagok) optimaliz\u00e1ci\u00f3j\u00e1t seg\u00edti el\u0151. Jav\u00edtja a metabolizmus (anyagcsere) folyamatait a [&hellip;]<\/p>\n","protected":false},"featured_media":4717,"comment_status":"open","ping_status":"closed","template":"","meta":[],"product_brand":[],"product_cat":[35,32],"product_tag":[],"class_list":{"0":"post-4718","1":"product","2":"type-product","3":"status-publish","4":"has-post-thumbnail","6":"product_cat-csatlakoztathato-jeladok","7":"product_cat-triomed","9":"first","10":"instock","11":"taxable","12":"shipping-taxable","13":"purchasable","14":"product-type-simple"},"_links":{"self":[{"href":"https:\/\/vetomshop.hu\/sv\/wp-json\/wp\/v2\/product\/4718","targetHints":{"allow":["GET"]}}],"collection":[{"href":"https:\/\/vetomshop.hu\/sv\/wp-json\/wp\/v2\/product"}],"about":[{"href":"https:\/\/vetomshop.hu\/sv\/wp-json\/wp\/v2\/types\/product"}],"replies":[{"embeddable":true,"href":"https:\/\/vetomshop.hu\/sv\/wp-json\/wp\/v2\/comments?post=4718"}],"wp:featuredmedia":[{"embeddable":true,"href":"https:\/\/vetomshop.hu\/sv\/wp-json\/wp\/v2\/media\/4717"}],"wp:attachment":[{"href":"https:\/\/vetomshop.hu\/sv\/wp-json\/wp\/v2\/media?parent=4718"}],"wp:term":[{"taxonomy":"product_brand","embeddable":true,"href":"https:\/\/vetomshop.hu\/sv\/wp-json\/wp\/v2\/product_brand?post=4718"},{"taxonomy":"product_cat","embeddable":true,"href":"https:\/\/vetomshop.hu\/sv\/wp-json\/wp\/v2\/product_cat?post=4718"},{"taxonomy":"product_tag","embeddable":true,"href":"https:\/\/vetomshop.hu\/sv\/wp-json\/wp\/v2\/product_tag?post=4718"}],"curies":[{"name":"wp","href":"https:\/\/api.w.org\/{rel}","templated":true}]}}