{"id":4720,"date":"2023-11-11T14:33:56","date_gmt":"2023-11-11T13:33:56","guid":{"rendered":"https:\/\/vetomshop.hu\/termek\/egeszseges-maj-jelado\/"},"modified":"2024-10-29T21:36:20","modified_gmt":"2024-10-29T20:36:20","slug":"egeszseges-maj-jelado","status":"publish","type":"product","link":"https:\/\/vetomshop.hu\/sv\/produkt\/egeszseges-maj-jelado\/","title":{"rendered":"Ledstj\u00e4rna f\u00f6r h\u00e4lsosam lever"},"content":{"rendered":"<h4>\u00abH\u00e4lsosam lever\u00bb radiator \u211614<\/h4>\n<p>Dess frekvens motsvarar leverv\u00e4vnadens frekvens och drifttiden \u00e4r 12 minuter.<\/p>\n<p>Den kan anv\u00e4ndas i komplexa behandlingsprogram f\u00f6r levern, gallan och gallg\u00e5ngarna.<\/p>\n<ul>\n<li>Stimulerar metabolismen (\u00e4mnesoms\u00e4ttningen) i hepatocyterna (levercellerna).<\/li>\n<li>F\u00f6rb\u00e4ttrar leverns syntetiska och avgiftande funktioner.<\/li>\n<li>Minskar \u00f6dem.<\/li>\n<li>Stimulerar regenerering av hepatocyter och reparationsprocesser.<\/li>\n<li>Det har en antispasmodisk effekt.<\/li>\n<li>Analgetisk effekt.<\/li>\n<li>Antiinflammatorisk effekt.<\/li>\n<li>F\u00f6rb\u00e4ttrar blodcirkulationen.<\/li>\n<li>Optimerar bildning och uts\u00f6ndring av galla.<\/li>\n<li>F\u00f6rebygger cirrotiska lesioner i levern.<\/li>\n<\/ul>\n<div class=\"su-spoiler su-spoiler-style-defoult su-spoiler-icon-caret su-spoiler-closed\" data-scroll-offset=\"0\" data-anchor-in-url=\"no\"><div class=\"su-spoiler-title\" tabindex=\"0\" role=\"button\"><span class=\"su-spoiler-icon\"><\/span>Alla<\/div><div class=\"su-spoiler-content su-u-clearfix su-u-trim\">\n<p>Rekommenderade behandlingsomr\u00e5den: biologiskt aktiva punkter och zoner, 12-12 minuter per punkt. De rekommenderade behandlingarna kan upprepas 2-3 g\u00e5nger per \u00e5r, efter minst 3 m\u00e5nader, tills tillst\u00e5ndet f\u00f6rb\u00e4ttras, och kan kompletteras med andra bioinformatiska behandlingar.<\/p>\n<\/div><\/div>","protected":false},"excerpt":{"rendered":"<p>\u00abEg\u00e9szs\u00e9ges m\u00e1j\u00bb sug\u00e1rz\u00f3 \u211614 Frekvenci\u00e1ja megfelel a m\u00e1jsz\u00f6vet frekvenci\u00e1j\u00e1nak, m\u0171k\u00f6d\u00e9si ideje 12 perc. A m\u00e1j, az epe \u00e9s az epevezet\u00e9kek komplex kezel\u00e9si programjaiban alkalmazhat\u00f3. Serkenti a metabolizmus (anyagcsere) folyamatait a hepatocit\u00e1kban (a m\u00e1jsejtekben). Jav\u00edtja a m\u00e1j szintetikus \u00e9s dezintoxik\u00e1ci\u00f3s funkci\u00f3it. Cs\u00f6kkenti az \u00f6d\u00e9m\u00e1sod\u00e1st. Serkenti a hepatocit\u00e1k regener\u00e1ci\u00f3s \u00e9s repar\u00e1ci\u00f3s folyamatait. G\u00f6rcsold\u00f3 hat\u00e1sa van. F\u00e1jdalomcsillap\u00edt\u00f3 hat\u00e1s. [&hellip;]<\/p>\n","protected":false},"featured_media":4719,"comment_status":"open","ping_status":"closed","template":"","meta":[],"product_brand":[],"product_cat":[35,32],"product_tag":[],"class_list":{"0":"post-4720","1":"product","2":"type-product","3":"status-publish","4":"has-post-thumbnail","6":"product_cat-csatlakoztathato-jeladok","7":"product_cat-triomed","9":"first","10":"instock","11":"taxable","12":"shipping-taxable","13":"purchasable","14":"product-type-simple"},"_links":{"self":[{"href":"https:\/\/vetomshop.hu\/sv\/wp-json\/wp\/v2\/product\/4720","targetHints":{"allow":["GET"]}}],"collection":[{"href":"https:\/\/vetomshop.hu\/sv\/wp-json\/wp\/v2\/product"}],"about":[{"href":"https:\/\/vetomshop.hu\/sv\/wp-json\/wp\/v2\/types\/product"}],"replies":[{"embeddable":true,"href":"https:\/\/vetomshop.hu\/sv\/wp-json\/wp\/v2\/comments?post=4720"}],"wp:featuredmedia":[{"embeddable":true,"href":"https:\/\/vetomshop.hu\/sv\/wp-json\/wp\/v2\/media\/4719"}],"wp:attachment":[{"href":"https:\/\/vetomshop.hu\/sv\/wp-json\/wp\/v2\/media?parent=4720"}],"wp:term":[{"taxonomy":"product_brand","embeddable":true,"href":"https:\/\/vetomshop.hu\/sv\/wp-json\/wp\/v2\/product_brand?post=4720"},{"taxonomy":"product_cat","embeddable":true,"href":"https:\/\/vetomshop.hu\/sv\/wp-json\/wp\/v2\/product_cat?post=4720"},{"taxonomy":"product_tag","embeddable":true,"href":"https:\/\/vetomshop.hu\/sv\/wp-json\/wp\/v2\/product_tag?post=4720"}],"curies":[{"name":"wp","href":"https:\/\/api.w.org\/{rel}","templated":true}]}}