{"id":4722,"date":"2023-11-11T14:33:56","date_gmt":"2023-11-11T13:33:56","guid":{"rendered":"https:\/\/vetomshop.hu\/termek\/egeszseges-vese-jelado\/"},"modified":"2023-11-11T14:33:56","modified_gmt":"2023-11-11T13:33:56","slug":"egeszseges-vese-jelado","status":"publish","type":"product","link":"https:\/\/vetomshop.hu\/sv\/produkt\/egeszseges-vese-jelado\/","title":{"rendered":"Ledstj\u00e4rna f\u00f6r frisk njure"},"content":{"rendered":"<h4>Frisk njure utstr\u00e5lar 15 s.<\/h4>\n<p>Drifttid f\u00f6r s\u00e4ndaren 11 minuter<br \/>\nDen matchar frekvensen i njurarna och urinv\u00e4garna.<\/p>\n<p>Dess anv\u00e4ndning rekommenderas f\u00f6r f\u00f6rebyggande och kompletterande behandling av njur- och urinv\u00e4gssjukdomar<br \/>\nF\u00f6rb\u00e4ttrar blodcirkulationen och \u00e4mnesoms\u00e4ttningen i nefronerna (funktionella enheter i njurarna) och urinv\u00e4garna.<\/p>\n<ul>\n<li>Det f\u00f6rb\u00e4ttrar njurarnas reabsorption, filtrering, syntetisering, jonreglering, avgiftning och metaboliska processer.<\/li>\n<li>Det stimulerar regenerations- och reparationsprocesserna i njurv\u00e4vnaden och urinv\u00e4garna.<\/li>\n<li>Antispasmodisk effekt.<\/li>\n<li>Analgetisk effekt.<\/li>\n<li>Antiinflammatorisk effekt.<\/li>\n<li>F\u00f6rebygger sklerotiska lesioner.<\/li>\n<\/ul>\n<p>Applicering p\u00e5 biologiskt aktiva punkter och zoner rekommenderas.<\/p>\n<div class=\"su-spoiler su-spoiler-style-defoult su-spoiler-icon-caret su-spoiler-closed\" data-scroll-offset=\"0\" data-anchor-in-url=\"no\"><div class=\"su-spoiler-title\" tabindex=\"0\" role=\"button\"><span class=\"su-spoiler-icon\"><\/span>Alla<\/div><div class=\"su-spoiler-content su-u-clearfix su-u-trim\">\n<p>Str\u00e5lning rekommenderas f\u00f6r f\u00f6rebyggande och kompletterande behandling av f\u00f6ljande sjukdomar:<\/p>\n<ul>\n<li>Akut och kronisk njurinflammation, urinbl\u00e5seinflammation, inflammatoriska sjukdomar i urinv\u00e4garna,<\/li>\n<li>\u00e4mnesoms\u00e4ttningsrubbningar (inklusive bildning av njursten),<\/li>\n<li>vid autoimmuna sjukdomar - n\u00e4r njurarna p\u00e5verkas och vid autoimmun njursjukdom,<\/li>\n<li>vid njursjukdom orsakad av giftiga \u00e4mnen<\/li>\n<\/ul>\n<\/div><\/div>","protected":false},"excerpt":{"rendered":"<p>Eg\u00e9szs\u00e9ges vese sug\u00e1rz\u00f3 15 sz. A sug\u00e1rz\u00f3 m\u0171k\u00f6d\u00e9si ideje 11 perc Megfelel a vesesz\u00f6vet \u00e9s a h\u00fagyutak frekvenci\u00e1j\u00e1nak. Alkalmaz\u00e1sa javasolt a vesebetegs\u00e9gek \u00e9s a h\u00fagyutak megbeteged\u00e9seinek megel\u0151z\u00e9s\u00e9ben \u00e9s kieg\u00e9sz\u00edt\u0151 kezel\u00e9s\u00e9ben Jav\u00edtja a nefronok (a vese funkcion\u00e1lis egys\u00e9geinek) \u00e9s a h\u00fagyutak v\u00e9rkering\u00e9s\u00e9t \u00e9s anyagcsere folyamatait. Jav\u00edtja a vese reabszorbci\u00f3s, filtr\u00e1ci\u00f3s, szintetikus, ionszab\u00e1lyz\u00f3, m\u00e9regtelen\u00edt\u0151 \u00e9s metabolikus folyamatait. [&hellip;]<\/p>\n","protected":false},"featured_media":4721,"comment_status":"open","ping_status":"closed","template":"","meta":[],"product_brand":[],"product_cat":[35,32],"product_tag":[],"class_list":{"0":"post-4722","1":"product","2":"type-product","3":"status-publish","4":"has-post-thumbnail","6":"product_cat-csatlakoztathato-jeladok","7":"product_cat-triomed","9":"first","10":"instock","11":"taxable","12":"shipping-taxable","13":"purchasable","14":"product-type-simple"},"_links":{"self":[{"href":"https:\/\/vetomshop.hu\/sv\/wp-json\/wp\/v2\/product\/4722","targetHints":{"allow":["GET"]}}],"collection":[{"href":"https:\/\/vetomshop.hu\/sv\/wp-json\/wp\/v2\/product"}],"about":[{"href":"https:\/\/vetomshop.hu\/sv\/wp-json\/wp\/v2\/types\/product"}],"replies":[{"embeddable":true,"href":"https:\/\/vetomshop.hu\/sv\/wp-json\/wp\/v2\/comments?post=4722"}],"wp:featuredmedia":[{"embeddable":true,"href":"https:\/\/vetomshop.hu\/sv\/wp-json\/wp\/v2\/media\/4721"}],"wp:attachment":[{"href":"https:\/\/vetomshop.hu\/sv\/wp-json\/wp\/v2\/media?parent=4722"}],"wp:term":[{"taxonomy":"product_brand","embeddable":true,"href":"https:\/\/vetomshop.hu\/sv\/wp-json\/wp\/v2\/product_brand?post=4722"},{"taxonomy":"product_cat","embeddable":true,"href":"https:\/\/vetomshop.hu\/sv\/wp-json\/wp\/v2\/product_cat?post=4722"},{"taxonomy":"product_tag","embeddable":true,"href":"https:\/\/vetomshop.hu\/sv\/wp-json\/wp\/v2\/product_tag?post=4722"}],"curies":[{"name":"wp","href":"https:\/\/api.w.org\/{rel}","templated":true}]}}