{"id":4724,"date":"2023-11-11T14:33:57","date_gmt":"2023-11-11T13:33:57","guid":{"rendered":"https:\/\/vetomshop.hu\/termek\/gyulladascsokkento-jelado\/"},"modified":"2023-11-11T14:33:57","modified_gmt":"2023-11-11T13:33:57","slug":"gyulladascsokkento-jelado","status":"publish","type":"product","link":"https:\/\/vetomshop.hu\/sv\/produkt\/gyulladascsokkento-jelado\/","title":{"rendered":"Antiinflammatorisk ledstj\u00e4rna"},"content":{"rendered":"<h4>Antiinflammatorisk radiator, nr 26.<\/h4>\n<p>Drifttid: 13 minuter<\/p>\n<p><strong>P\u00e5verkan:<\/strong><\/p>\n<p>Den verkar p\u00e5 immunsystemet med en frekvens som matchar frekvensen i lymfsystemet och vissa strukturer i det autonoma nervsystemet (perifera, segmentella, suprasegmentella kedjor).<\/p>\n<ul>\n<li>F\u00f6rb\u00e4ttrar den lymfatiska cirkulationen,<\/li>\n<li>kvaliteten p\u00e5 lymfocyter,<\/li>\n<li>p\u00e5skyndar elimineringen av giftiga \u00e4mnen fr\u00e5n den intercellul\u00e4ra v\u00e4tskan,<\/li>\n<li>p\u00e5skyndar s\u00e5rl\u00e4kning, cell- och v\u00e4vnadsregenerering,<\/li>\n<li>hj\u00e4lper till att avgifta kroppen,<\/li>\n<li>har en anti\u00f6dem effekt,<\/li>\n<li>sm\u00e4rtstillande effekt,<\/li>\n<li>Immunf\u00f6rsvarsh\u00f6jande effekt,<\/li>\n<li>antiinflammatorisk effekt,<\/li>\n<li>eliminerar \u00e4rrbildning,<\/li>\n<li>aktiverar benm\u00e4rgsfunktionen,<\/li>\n<li>\u00f6kar kroppens motst\u00e5ndskraft,<\/li>\n<li>strukturer vatten.<\/li>\n<\/ul>\n<div class=\"su-spoiler su-spoiler-style-defoult su-spoiler-icon-caret su-spoiler-closed\" data-scroll-offset=\"0\" data-anchor-in-url=\"no\"><div class=\"su-spoiler-title\" tabindex=\"0\" role=\"button\"><span class=\"su-spoiler-icon\"><\/span>Alla<\/div><div class=\"su-spoiler-content su-u-clearfix su-u-trim\">\n<p>Rekommenderade anv\u00e4ndningsomr\u00e5den: lymfatiska ytzoner, lymfk\u00f6rtelprojektioner, s\u00e5rytor, biologiskt aktiva platser (BAT).<\/p>\n<p>G\u00e4ller f\u00f6r:<\/p>\n<ul>\n<li>avgiftning av kroppen<\/li>\n<li>p\u00e5skynda regenerationsprocessen efter operation eller frakturer<\/li>\n<li>normalisering av blodbilden efter cytostatika- och str\u00e5lbehandling<\/li>\n<li>i rehabiliteringsfasen efter allvarliga sjukdomar och fysisk anstr\u00e4ngning<\/li>\n<li>reglering av immunf\u00f6rsvaret vid akuta och kroniska sjukdomar<\/li>\n<li>f\u00f6rs\u00e4mrad lymfatisk cirkulation av olika orsaker (inklusive \u00f6dem), inflammatoriska processer<\/li>\n<li>inom kosmetika: f\u00f6rb\u00e4ttrar hudens lymfatiska cirkulation<\/li>\n<li>eliminering av berusning fr\u00e5n olika orsaker (alkohol, narkotika, mat, kemikalie, allvarlig sjukdom)<\/li>\n<li>vid allergiska reaktioner.<\/li>\n<\/ul>\n<\/div><\/div>","protected":false},"excerpt":{"rendered":"<p>Gyullad\u00e1scs\u00f6kkent\u0151 sug\u00e1rz\u00f3, 26. sz. M\u0171k\u00f6d\u00e9s\u00e9nek ideje: 13 perc Hat\u00e1sa: Hat az immunrendszerre, rezg\u00e9se megegyezik a nyirokrendszer frekvenci\u00e1j\u00e1val, valamint a vegetat\u00edv idegrendszer n\u00e9h\u00e1ny strukt\u00far\u00e1j\u00e1val (perif\u00e9ri\u00e1s, szegment\u00e1lis, szegmens feletti l\u00e1ncok). Jav\u00edtja a nyirokkering\u00e9st, a limfocit\u00e1k min\u0151s\u00e9g\u00e9t, gyors\u00edtja a toxikus anyagok ki\u00fcr\u00edt\u00e9s\u00e9t a sejtk\u00f6zti folyad\u00e9kb\u00f3l, gyors\u00edtja a sebek begy\u00f3gyul\u00e1s\u00e1t, a sejtek \u00e9s sz\u00f6vetek regener\u00e1l\u00f3d\u00e1s\u00e1t, el\u0151seg\u00edti a szervezet m\u00e9regtelen\u00edt\u00e9s\u00e9t, [&hellip;]<\/p>\n","protected":false},"featured_media":4723,"comment_status":"open","ping_status":"closed","template":"","meta":[],"product_brand":[],"product_cat":[35,32],"product_tag":[],"class_list":{"0":"post-4724","1":"product","2":"type-product","3":"status-publish","4":"has-post-thumbnail","6":"product_cat-csatlakoztathato-jeladok","7":"product_cat-triomed","9":"first","10":"instock","11":"taxable","12":"shipping-taxable","13":"purchasable","14":"product-type-simple"},"_links":{"self":[{"href":"https:\/\/vetomshop.hu\/sv\/wp-json\/wp\/v2\/product\/4724","targetHints":{"allow":["GET"]}}],"collection":[{"href":"https:\/\/vetomshop.hu\/sv\/wp-json\/wp\/v2\/product"}],"about":[{"href":"https:\/\/vetomshop.hu\/sv\/wp-json\/wp\/v2\/types\/product"}],"replies":[{"embeddable":true,"href":"https:\/\/vetomshop.hu\/sv\/wp-json\/wp\/v2\/comments?post=4724"}],"wp:featuredmedia":[{"embeddable":true,"href":"https:\/\/vetomshop.hu\/sv\/wp-json\/wp\/v2\/media\/4723"}],"wp:attachment":[{"href":"https:\/\/vetomshop.hu\/sv\/wp-json\/wp\/v2\/media?parent=4724"}],"wp:term":[{"taxonomy":"product_brand","embeddable":true,"href":"https:\/\/vetomshop.hu\/sv\/wp-json\/wp\/v2\/product_brand?post=4724"},{"taxonomy":"product_cat","embeddable":true,"href":"https:\/\/vetomshop.hu\/sv\/wp-json\/wp\/v2\/product_cat?post=4724"},{"taxonomy":"product_tag","embeddable":true,"href":"https:\/\/vetomshop.hu\/sv\/wp-json\/wp\/v2\/product_tag?post=4724"}],"curies":[{"name":"wp","href":"https:\/\/api.w.org\/{rel}","templated":true}]}}