{"id":4726,"date":"2023-11-11T14:33:58","date_gmt":"2023-11-11T13:33:58","guid":{"rendered":"https:\/\/vetomshop.hu\/termek\/infravoros-jelado\/"},"modified":"2023-11-11T14:33:58","modified_gmt":"2023-11-11T13:33:58","slug":"infravoros-jelado","status":"publish","type":"product","link":"https:\/\/vetomshop.hu\/sv\/produkt\/infravoros-jelado\/","title":{"rendered":"Infrar\u00f6d s\u00e4ndare"},"content":{"rendered":"<h4>Infrar\u00f6d s\u00e4ndare IV<\/h4>\n<p>Infrar\u00f6d str\u00e5lning (IV-str\u00e5lning) - elektromagnetisk str\u00e5lning, en del av solens str\u00e5lar. IV-str\u00e5lar har antiinflammatoriska, antispasmodiska, spridande (absorption), sm\u00e4rtstillande effekter.<\/p>\n<p><strong>F\u00f6rdelarna med Triomed Universal IV-radiatorn:<\/strong><\/p>\n<p>Tack vare nya material och tekniker har vi lyckats skapa en l\u00e5gintensiv pulsad, modulerad IV-str\u00e5lk\u00e4lla som arbetar i ett specifikt program och som kan anv\u00e4ndas f\u00f6r att ut\u00f6va en energiinformerande effekt fr\u00e4mst p\u00e5 cellniv\u00e5 - och p\u00e5 niv\u00e5n f\u00f6r cellens best\u00e5ndsdelar.<\/p>\n<p>Den f\u00f6rser cellen med energi genom resonans, vilket aktiverar de metaboliska processerna och \u00f6kar energiniv\u00e5erna vid syrebrist.<br \/>\nDessa processer, f\u00f6rutom att de \u00e4r positiva i sig, hj\u00e4lper kroppen att millimetera - terapi och i m\u00e5nga fall \u00f6ka dess effektivitet.<\/p>\n<p>IV-str\u00e5lbehandling \u00e4r indicerad f\u00f6r: kroniska och postakuta (preakuta) icke-purulenta inflammatoriska sjukdomar i inre organ, d\u00e5ligt l\u00e4kande s\u00e5r och s\u00e5r orsakade av trombos, sm\u00e4rtsamma sjukdomar i det perifera nervsystemet, postoperativ behandling av br\u00e4nnskador och frostskador, vegetativ dysfunktion, sympathalgi.<\/p>\n<p>Kontraindikationer f\u00f6r anv\u00e4ndning av IV str\u00e5lbehandling: godartade eller elakartade tum\u00f6rer, aktiv fas av tuberkulos, hypertoni i stadium III, bl\u00f6dning och cirkulationsrubbningar av grad IIIII.<\/p>\n<div class=\"su-spoiler su-spoiler-style-defoult su-spoiler-icon-caret su-spoiler-closed\" data-scroll-offset=\"0\" data-anchor-in-url=\"no\"><div class=\"su-spoiler-title\" tabindex=\"0\" role=\"button\"><span class=\"su-spoiler-icon\"><\/span>Alla<\/div><div class=\"su-spoiler-content su-u-clearfix su-u-trim\"><strong>De viktigaste kliniska effekterna av Triomed Universal IV-bestr\u00e5laren:<\/strong><\/p>\n<ul>\n<li>f\u00f6rb\u00e4ttrar blodcirkulationen,<\/li>\n<li>normaliserar mikrocirkulationen,<\/li>\n<li>optimerar aktiviteten i nerv-, hormon- och immunsystemet,<\/li>\n<li>Hj\u00e4lper till med cellf\u00f6rnyelse.<\/li>\n<\/ul>\n<p><strong>Hur man anv\u00e4nder:<\/strong><\/p>\n<ul>\n<li>Den infrar\u00f6da ljusdioden anv\u00e4nds f\u00f6r att rikta in sig p\u00e5 de punkter och omr\u00e5den som beh\u00f6ver f\u00f6rberedas, eller \u201ev\u00e4rmas upp\u201d, inf\u00f6r den speciella millimeterbehandlingen. Behandlingen tar 5 minuter per omr\u00e5de.<\/li>\n<li>Det kan anv\u00e4ndas f\u00f6r att fr\u00e4mja absorptionen av \u00e4rr i 10 minuter om dagen i 2 veckor.<\/li>\n<li>F\u00f6r behandling av kroniska, l\u00e5ngsamma inflammatoriska sjukdomar (vid sjukdomens fokus). Behandlingen varar i 10 minuter, appliceras p\u00e5 det drabbade organet, i 2 veckor.<\/li>\n<li>Vid typ II-diabetes f\u00f6r att fr\u00e4mja insulink\u00e4nslighet och f\u00f6r att fr\u00e4mja insulinproduktion. Behandla projektionen av bukspottk\u00f6rteln i 5 minuter om dagen i 2 veckor.<\/li>\n<li>F\u00f6r att fr\u00e4mja l\u00e4kningen av olika s\u00e5r och trofiska s\u00e5r rekommenderas att \u00f6gonomr\u00e5det och tum\u00f6rernas fokus behandlas i 5 minuter under 2 veckor f\u00f6re millimetertherapin.<\/li>\n<\/ul>\n<\/div><\/div>","protected":false},"excerpt":{"rendered":"<p>Infrav\u00f6r\u00f6s sug\u00e1rz\u00f3 IV Az infrav\u00f6r\u00f6s sug\u00e1rz\u00e1s (IV-sug\u00e1rz\u00e1s) \u2013 elektrom\u00e1gneses sug\u00e1rz\u00e1s, a Nap sugarainak r\u00e9sze. Az IV-sugarak gyullad\u00e1scs\u00f6kkent\u0151, g\u00f6rcsold\u00f3, sz\u00e9toszlat\u00f3 (felsz\u00edv\u00f3d\u00e1st el\u0151seg\u00edt\u0151), f\u00e1jdalomcsillap\u00edt\u00f3 hat\u00e1ssal rendelkeznek. A Triomed Universal k\u00e9sz\u00fcl\u00e9k IV-sug\u00e1rz\u00f3j\u00e1nak el\u0151nyei: Az \u00faj anyagoknak \u00e9s technol\u00f3gi\u00e1knak k\u00f6sz\u00f6nhet\u0151en siker\u00fclt l\u00e9trehozni olyan speci\u00e1lis programban m\u0171k\u00f6d\u0151 alacsony intenzit\u00e1s\u00fa pulz\u00e1l\u00f3, modul\u00e1lt hat\u00e1s\u00fa IV-sug\u00e1rz\u00f3t, mely seg\u00edts\u00e9g\u00e9vel els\u0151sorban energoinform\u00e1ci\u00f3s hat\u00e1st tudunk gyakorolni [&hellip;]<\/p>\n","protected":false},"featured_media":4725,"comment_status":"open","ping_status":"closed","template":"","meta":[],"product_brand":[],"product_cat":[35,32],"product_tag":[],"class_list":{"0":"post-4726","1":"product","2":"type-product","3":"status-publish","4":"has-post-thumbnail","6":"product_cat-csatlakoztathato-jeladok","7":"product_cat-triomed","9":"first","10":"instock","11":"taxable","12":"shipping-taxable","13":"purchasable","14":"product-type-simple"},"_links":{"self":[{"href":"https:\/\/vetomshop.hu\/sv\/wp-json\/wp\/v2\/product\/4726","targetHints":{"allow":["GET"]}}],"collection":[{"href":"https:\/\/vetomshop.hu\/sv\/wp-json\/wp\/v2\/product"}],"about":[{"href":"https:\/\/vetomshop.hu\/sv\/wp-json\/wp\/v2\/types\/product"}],"replies":[{"embeddable":true,"href":"https:\/\/vetomshop.hu\/sv\/wp-json\/wp\/v2\/comments?post=4726"}],"wp:featuredmedia":[{"embeddable":true,"href":"https:\/\/vetomshop.hu\/sv\/wp-json\/wp\/v2\/media\/4725"}],"wp:attachment":[{"href":"https:\/\/vetomshop.hu\/sv\/wp-json\/wp\/v2\/media?parent=4726"}],"wp:term":[{"taxonomy":"product_brand","embeddable":true,"href":"https:\/\/vetomshop.hu\/sv\/wp-json\/wp\/v2\/product_brand?post=4726"},{"taxonomy":"product_cat","embeddable":true,"href":"https:\/\/vetomshop.hu\/sv\/wp-json\/wp\/v2\/product_cat?post=4726"},{"taxonomy":"product_tag","embeddable":true,"href":"https:\/\/vetomshop.hu\/sv\/wp-json\/wp\/v2\/product_tag?post=4726"}],"curies":[{"name":"wp","href":"https:\/\/api.w.org\/{rel}","templated":true}]}}