{"id":4730,"date":"2023-11-11T14:33:58","date_gmt":"2023-11-11T13:33:58","guid":{"rendered":"https:\/\/vetomshop.hu\/termek\/oxigenizalo-jelado\/"},"modified":"2023-11-11T14:33:58","modified_gmt":"2023-11-11T13:33:58","slug":"oxigenizalo-jelado","status":"publish","type":"product","link":"https:\/\/vetomshop.hu\/sv\/produkt\/oxigenizalo-jelado\/","title":{"rendered":"Transmittor f\u00f6r syretillf\u00f6rsel"},"content":{"rendered":"<h4>Syrgasemitterare, nr 11.<\/h4>\n<p><strong>Drifttid:<\/strong> 10 minuter.<\/p>\n<p>V\u00e5gl\u00e4ngden motsvarar frekvenserna i andningskedjan (blodhemoglobin, mitokondrier, ferment), f\u00f6rb\u00e4ttrar syretransport och -anv\u00e4ndning, \u00f6kar ATP-syntesen, fr\u00e4mjar cellandning i v\u00e4vnaden. Den l\u00e5ga frekvensen motsvarar immunsystemets frekvens.<\/p>\n<ul>\n<li>F\u00f6rb\u00e4ttrar mikrocirkulationen,<\/li>\n<li>Det har en immunmodulerande effekt,<\/li>\n<li>Det minskar syrebrist i v\u00e4vnader, syres\u00e4tter v\u00e4vnader, har en disaggregerande effekt (f\u00f6rhindrar aggregering av erytrocyter och andra blodceller), minskar blodkoagulering,<\/li>\n<li>Det fr\u00e4mjar l\u00e4kning av s\u00e5r,<\/li>\n<li>Det hj\u00e4lper till att eliminera \u00e4rrbildning,<\/li>\n<li>Det har en sm\u00e4rtstillande effekt,<\/li>\n<li>Det hj\u00e4lper till att avgifta kroppen,<\/li>\n<li>Antispasmodisk effekt,<\/li>\n<li>Fr\u00e4mjar blodbildningen, normaliserar blodv\u00e4rdet,<\/li>\n<li>f\u00f6rb\u00e4ttrar mikrocirkulationen,<\/li>\n<li>Det har en immunmodulerande effekt,<\/li>\n<li>Minskar syrebrist i v\u00e4vnader, syres\u00e4tter v\u00e4vnader,<\/li>\n<li>Det har en disaggregerande effekt (f\u00f6rhindrar klumpbildning av erytrocyter och andra blodkroppar), minskar blodkoagulering,<\/li>\n<li>Det fr\u00e4mjar l\u00e4kning av s\u00e5r,<\/li>\n<li>Det hj\u00e4lper till att eliminera \u00e4rrbildning,<\/li>\n<li>Det har en sm\u00e4rtstillande effekt,<\/li>\n<li>Det hj\u00e4lper till att avgifta kroppen,<\/li>\n<li>Antispasmodisk effekt,<\/li>\n<li>Fr\u00e4mjar blodbildningen, normaliserar blodv\u00e4rdet,<\/li>\n<li>Det har en f\u00f6ryngrande effekt,<\/li>\n<li>Det strukturerar vattnet.<\/li>\n<\/ul>\n<div class=\"su-spoiler su-spoiler-style-defoult su-spoiler-icon-caret su-spoiler-closed\" data-scroll-offset=\"0\" data-anchor-in-url=\"no\"><div class=\"su-spoiler-title\" tabindex=\"0\" role=\"button\"><span class=\"su-spoiler-icon\"><\/span>Alla<\/div><div class=\"su-spoiler-content su-u-clearfix su-u-trim\">\n<p>Rekommenderat anv\u00e4ndningsomr\u00e5de: stora blodk\u00e4rlsomr\u00e5den - vener, art\u00e4rer, biologiskt aktiva punkter.<\/p>\n<p><strong>G\u00e4ller f\u00f6r:<\/strong><\/p>\n<ul>\n<li>f\u00f6r att normalisera immunsystemet vid akuta och kroniska sjukdomar,<\/li>\n<li>f\u00f6rb\u00e4ttra det allm\u00e4nna v\u00e4lbefinnandet, uth\u00e5lligheten och koncentrationen vid fysisk och psykisk stress,<\/li>\n<li>F\u00f6rebyggande av hj\u00e4rtinfarkt och stroke,<\/li>\n<li>v\u00e5rd efter infarkt och stroke,<\/li>\n<li>p\u00e5skynda regenereringsprocesser,<\/li>\n<li>behandling av s\u00e5r och postoperativa \u00e4rr,<\/li>\n<li>Frakturhantering,<\/li>\n<li>normalisering av blodbilden,<\/li>\n<li>efter str\u00e5lbehandling,<\/li>\n<li>rehabilitering efter allvarlig sjukdom och tungt fysiskt arbete,<\/li>\n<li>stimulerar hj\u00e4rnans cirkulation,2<\/li>\n<li>i kosmetika: hj\u00e4lper huden att ta upp n\u00e4rings\u00e4mnen,<\/li>\n<li>f\u00f6r idrottare: \u00f6kar uth\u00e5lligheten,<\/li>\n<li>hj\u00e4lper skolbarn och studenter att l\u00e4ra sig,<\/li>\n<li>f\u00f6r att motverka de skadliga effekterna av datorer,<\/li>\n<li>vid behandling av stress och kroniskt tr\u00f6tthetssyndrom,<\/li>\n<li>inom kosmetikomr\u00e5det f\u00f6r att f\u00f6rb\u00e4ttra hudens tillst\u00e5nd,<\/li>\n<li>behandling eller f\u00f6rebyggande av djursjukdomar<\/li>\n<\/ul>\n<\/div><\/div>","protected":false},"excerpt":{"rendered":"<p>Oxig\u00e9n sug\u00e1rz\u00f3, 11. sz. M\u0171k\u00f6d\u00e9si ideje: 10 perc. A hull\u00e1mhossz megfelel a l\u00e9gz\u00e9si l\u00e1nc frekvenci\u00e1inak (a v\u00e9r hemoglobinja, mitokondriumok, fermentumok), javul az oxig\u00e9n sz\u00e1ll\u00edt\u00e1sa \u00e9s hasznos\u00edt\u00e1sa, n\u00f6vekszik ATP-szint\u00e9zis, el\u0151seg\u00edti a sz\u00f6vetben a sejtek l\u00e9gz\u00e9s\u00e9t. Az alacsony frekvencia megfelel az immunrendszer frekvenci\u00e1j\u00e1nak. Jav\u00edtja a mikrokering\u00e9st, Immun-modul\u00e1ci\u00f3s hat\u00e1sa van, Cs\u00f6kkenti az oxig\u00e9nhi\u00e1nyt a sz\u00f6vetekben, oxig\u00e9nnel d\u00fas\u00edtja a [&hellip;]<\/p>\n","protected":false},"featured_media":4729,"comment_status":"open","ping_status":"closed","template":"","meta":[],"product_brand":[],"product_cat":[35,32],"product_tag":[],"class_list":{"0":"post-4730","1":"product","2":"type-product","3":"status-publish","4":"has-post-thumbnail","6":"product_cat-csatlakoztathato-jeladok","7":"product_cat-triomed","9":"first","10":"instock","11":"taxable","12":"shipping-taxable","13":"purchasable","14":"product-type-simple"},"_links":{"self":[{"href":"https:\/\/vetomshop.hu\/sv\/wp-json\/wp\/v2\/product\/4730","targetHints":{"allow":["GET"]}}],"collection":[{"href":"https:\/\/vetomshop.hu\/sv\/wp-json\/wp\/v2\/product"}],"about":[{"href":"https:\/\/vetomshop.hu\/sv\/wp-json\/wp\/v2\/types\/product"}],"replies":[{"embeddable":true,"href":"https:\/\/vetomshop.hu\/sv\/wp-json\/wp\/v2\/comments?post=4730"}],"wp:featuredmedia":[{"embeddable":true,"href":"https:\/\/vetomshop.hu\/sv\/wp-json\/wp\/v2\/media\/4729"}],"wp:attachment":[{"href":"https:\/\/vetomshop.hu\/sv\/wp-json\/wp\/v2\/media?parent=4730"}],"wp:term":[{"taxonomy":"product_brand","embeddable":true,"href":"https:\/\/vetomshop.hu\/sv\/wp-json\/wp\/v2\/product_brand?post=4730"},{"taxonomy":"product_cat","embeddable":true,"href":"https:\/\/vetomshop.hu\/sv\/wp-json\/wp\/v2\/product_cat?post=4730"},{"taxonomy":"product_tag","embeddable":true,"href":"https:\/\/vetomshop.hu\/sv\/wp-json\/wp\/v2\/product_tag?post=4730"}],"curies":[{"name":"wp","href":"https:\/\/api.w.org\/{rel}","templated":true}]}}