{"id":4732,"date":"2023-11-11T14:33:59","date_gmt":"2023-11-11T13:33:59","guid":{"rendered":"https:\/\/vetomshop.hu\/termek\/specialis-111-es-jelado\/"},"modified":"2024-07-31T10:25:20","modified_gmt":"2024-07-31T08:25:20","slug":"specialis-111-es-jelado","status":"publish","type":"product","link":"https:\/\/vetomshop.hu\/sv\/produkt\/specialis-111-es-jelado\/","title":{"rendered":"S\u00e4rskild 111-s\u00e4ndare"},"content":{"rendered":"<h4>Special 111 informationsregistrering emitter<\/h4>\n<p><strong>Drifttid f\u00f6r s\u00e4ndaren:<\/strong> 15 mp<\/p>\n<p>Syftet \u00e4r att \u201eregistrera\u201d information (det elektromagnetiska v\u00e5gspektrumet i ett visst omr\u00e5de) och \u201e\u00f6verf\u00f6ra\u201d den till en utvald informationsb\u00e4rare (t.ex. vatten) eller biologiskt aktiv zon f\u00f6r att optimera funktionella reserver och \u00f6ka kroppens anpassningsf\u00f6rm\u00e5ga, som kan ha skadats av milj\u00f6skador, sjukdomar eller andra orsaker.<\/p>\n<p>F\u00f6r att \u201eregistrera\u201d informationen, anslut den 111:e s\u00e4ndaren till Triomed, f\u00f6r den n\u00e4ra objektet med dess plana yta och tryck p\u00e5 \u201eStart\u201d-knappen. Nedr\u00e4kningen startar - 15 sekunder. Ta bort s\u00e4ndaren fr\u00e5n objektet f\u00f6rst efter att den programmerade tiden har g\u00e5tt ut. Under denna tid \u201elagras\u201d objektinformationen p\u00e5 s\u00e4ndaren, och den f\u00f6rblir of\u00f6r\u00e4ndrad tills s\u00e4ndaren ansluts till str\u00f6mf\u00f6rs\u00f6rjningen (tills enheten startas).<\/p>\n<div class=\"su-spoiler su-spoiler-style-defoult su-spoiler-icon-caret su-spoiler-closed\" data-scroll-offset=\"0\" data-anchor-in-url=\"no\"><div class=\"su-spoiler-title\" tabindex=\"0\" role=\"button\"><span class=\"su-spoiler-icon\"><\/span>Alla<\/div><div class=\"su-spoiler-content su-u-clearfix su-u-trim\">\nF\u00f6r att \u201e\u00f6verf\u00f6ra\u201d informationen till vattnet ska emittern placeras s\u00e5 n\u00e4ra vattnet som m\u00f6jligt (glaset f\u00e5r inte vara tjockare \u00e4n 2 mm) och vattenytan ska vara h\u00f6gre \u00e4n emitterns \u00f6verkant. Vattnet ska vara rent och fritt fr\u00e5n kolsyra och andra tillsatser. Drick n\u00e5gra klunkar av det beredda \u201einformationsvattnet\u201d omedelbart - innan du \u00f6verf\u00f6r det till en annan beh\u00e5llare eller f\u00f6rvarar det under en l\u00e4ngre tid.<\/p>\n<p>Om du vill beh\u00e5lla originalsignalen under l\u00e5ng tid f\u00f6r att f\u00f6rhindra oavsiktlig anslutning till Triomed, ska du m\u00e4rka s\u00e4ndaren med ett k\u00e4nnetecken.<br \/>\n<\/div><\/div>","protected":false},"excerpt":{"rendered":"<p>Speci\u00e1lis 111 sz. inform\u00e1ci\u00f3t r\u00f6gz\u00edt\u0151 sug\u00e1rz\u00f3 A sug\u00e1rz\u00f3 m\u0171k\u00f6d\u00e9si ideje: 15 mp Rendeltet\u00e9se: az inform\u00e1ci\u00f3 (az adott tartom\u00e1ny elektrom\u00e1gneses hull\u00e1mspektrum\u00e1nak) \u201er\u00f6gz\u00edt\u00e9se\u201d, valamint \u201e\u00e1tvitele\u201d a kiv\u00e1lasztott inform\u00e1ci\u00f3hordoz\u00f3ra (pl. v\u00edzre) vagy biol\u00f3giailag akt\u00edv z\u00f3n\u00e1ra a funkcion\u00e1lis tartal\u00e9kok optimaliz\u00e1ci\u00f3ja \u00e9s a szervezet adapt\u00e1ci\u00f3s lehet\u0151s\u00e9geinek n\u00f6vel\u00e9se c\u00e9lj\u00e1b\u00f3l, melyek a k\u00f6rnyezet k\u00e1ros hat\u00e1sai, betegs\u00e9g, vagy egy\u00e9b okok miatt s\u00e9r\u00fcltek. Az [&hellip;]<\/p>\n","protected":false},"featured_media":4731,"comment_status":"open","ping_status":"closed","template":"","meta":[],"product_brand":[],"product_cat":[35,32],"product_tag":[],"class_list":{"0":"post-4732","1":"product","2":"type-product","3":"status-publish","4":"has-post-thumbnail","6":"product_cat-csatlakoztathato-jeladok","7":"product_cat-triomed","9":"first","10":"instock","11":"taxable","12":"shipping-taxable","13":"purchasable","14":"product-type-simple"},"_links":{"self":[{"href":"https:\/\/vetomshop.hu\/sv\/wp-json\/wp\/v2\/product\/4732","targetHints":{"allow":["GET"]}}],"collection":[{"href":"https:\/\/vetomshop.hu\/sv\/wp-json\/wp\/v2\/product"}],"about":[{"href":"https:\/\/vetomshop.hu\/sv\/wp-json\/wp\/v2\/types\/product"}],"replies":[{"embeddable":true,"href":"https:\/\/vetomshop.hu\/sv\/wp-json\/wp\/v2\/comments?post=4732"}],"wp:featuredmedia":[{"embeddable":true,"href":"https:\/\/vetomshop.hu\/sv\/wp-json\/wp\/v2\/media\/4731"}],"wp:attachment":[{"href":"https:\/\/vetomshop.hu\/sv\/wp-json\/wp\/v2\/media?parent=4732"}],"wp:term":[{"taxonomy":"product_brand","embeddable":true,"href":"https:\/\/vetomshop.hu\/sv\/wp-json\/wp\/v2\/product_brand?post=4732"},{"taxonomy":"product_cat","embeddable":true,"href":"https:\/\/vetomshop.hu\/sv\/wp-json\/wp\/v2\/product_cat?post=4732"},{"taxonomy":"product_tag","embeddable":true,"href":"https:\/\/vetomshop.hu\/sv\/wp-json\/wp\/v2\/product_tag?post=4732"}],"curies":[{"name":"wp","href":"https:\/\/api.w.org\/{rel}","templated":true}]}}