{"id":4737,"date":"2023-11-11T14:33:59","date_gmt":"2023-11-11T13:33:59","guid":{"rendered":"https:\/\/vetomshop.hu\/termek\/trio-men-jelado\/"},"modified":"2023-11-11T14:33:59","modified_gmt":"2023-11-11T13:33:59","slug":"trio-men-jelado","status":"publish","type":"product","link":"https:\/\/vetomshop.hu\/sv\/produkt\/trio-men-jelado\/","title":{"rendered":"Fyr med tre m\u00e4n"},"content":{"rendered":"<h4>S\u00e4rskild Trio-men-emitter<\/h4>\n<p>F\u00f6r m\u00e4n, nr 23.<\/p>\n<p>Det \u00e4r indicerat f\u00f6r: optimering av funktionella reserver och m\u00e4nniskokroppens f\u00f6rm\u00e5ga att anpassa sig till negativ milj\u00f6p\u00e5verkan, livsstil eller sjukdom.<br \/>\nKategori av anst\u00e4llda: m\u00e4n.<\/p>\n<p><strong>P\u00e5verkan:<\/strong> allm\u00e4n k\u00f6nsspecifik f\u00f6rst\u00e4rkande effekt (psykoemotionell niv\u00e5, neurohumoral reglering).<\/p>\n<p><strong>Verkningsmekanism:<\/strong> Programmet (b\u00e4rfrekvens, l\u00e5gfrekvensmodulering och amplitudparametrar) har utformats speciellt f\u00f6r det manliga organet f\u00f6r att hj\u00e4lpa det n\u00e4r det anv\u00e4nds i ett system.<\/p>\n<p>Genom att anv\u00e4nda Trio-men 23. str\u00e5lande botemedel, vi kan normalisera trofiska och metaboliska processer i v\u00e4vnader och celler, regenerera deras struktur, f\u00f6rb\u00e4ttra kroppens funktion b\u00e5de systemiskt och som helhet, \u00f6ka kroppens specifika motst\u00e5nd.<\/p>\n<p>De positiva resultaten beror p\u00e5 \u00e5terkoppling av bioresonans fr\u00e5n cellerna, det atom\u00e4ra fysiologiska systemet och det neurohumorala regleringssystemet samt p\u00e5 aktivering av anpassningsmekanismen (allm\u00e4nt anpassningssyndrom).<\/p>\n<div class=\"su-spoiler su-spoiler-style-defoult su-spoiler-icon-caret su-spoiler-closed\" data-scroll-offset=\"0\" data-anchor-in-url=\"no\"><div class=\"su-spoiler-title\" tabindex=\"0\" role=\"button\"><span class=\"su-spoiler-icon\"><\/span>Alla<\/div><div class=\"su-spoiler-content su-u-clearfix su-u-trim\">\n<strong>Rekommenderas f\u00f6r:<\/strong><\/p>\n<ol>\n<li>F\u00f6r nedsatt arbetsf\u00f6rm\u00e5ga och nedst\u00e4mdhet, psyko-emotionell instabilitet, s\u00f6mnl\u00f6shet som en f\u00f6ljd av kronisk tr\u00f6tthet.<\/li>\n<li>Prostatasjukdomar, manlig klimakterie.<\/li>\n<li>Vanliga f\u00f6rkylningar och influensa.<\/li>\n<li>Allm\u00e4n f\u00f6rsvagning av immunf\u00f6rsvaret efter allvarlig sjukdom, f\u00f6r rehabilitering<\/li>\n<\/ol>\n<\/div><\/div>","protected":false},"excerpt":{"rendered":"<p>Speci\u00e1lis Trio-men sug\u00e1rz\u00f3 F\u00e9rfiak sz\u00e1m\u00e1ra, 23. sz. Javallott: a funkcion\u00e1lis tartal\u00e9kok \u00e9s az emberi szervezet adapt\u00e1ci\u00f3s lehet\u0151s\u00e9geinek optimiz\u00e1l\u00e1s\u00e1hoz, melyek a negat\u00edv k\u00f6rnyezeti hat\u00e1sok, \u00e9letm\u00f3d vagy betegs\u00e9g k\u00f6vetkezt\u00e9ben l\u00e9ptek fel. Az alkalmaz\u00f3k kateg\u00f3ri\u00e1ja: f\u00e9rfiak. Hat\u00e1sa: a nemi hovatartoz\u00e1st figyelembe vev\u0151 \u00e1ltal\u00e1nos er\u0151s\u00edt\u0151 hat\u00e1s (pszichoemocion\u00e1lis szint, neurohumor\u00e1lis regul\u00e1ci\u00f3). Hat\u00e1smechanizmus: A program (hordoz\u00f3 frekvencia, alacsony frekvenci\u00e1j\u00fa modul\u00e1ci\u00f3 \u00e9s [&hellip;]<\/p>\n","protected":false},"featured_media":4736,"comment_status":"open","ping_status":"closed","template":"","meta":[],"product_brand":[],"product_cat":[35,32],"product_tag":[],"class_list":{"0":"post-4737","1":"product","2":"type-product","3":"status-publish","4":"has-post-thumbnail","6":"product_cat-csatlakoztathato-jeladok","7":"product_cat-triomed","9":"first","10":"instock","11":"taxable","12":"shipping-taxable","13":"purchasable","14":"product-type-simple"},"_links":{"self":[{"href":"https:\/\/vetomshop.hu\/sv\/wp-json\/wp\/v2\/product\/4737","targetHints":{"allow":["GET"]}}],"collection":[{"href":"https:\/\/vetomshop.hu\/sv\/wp-json\/wp\/v2\/product"}],"about":[{"href":"https:\/\/vetomshop.hu\/sv\/wp-json\/wp\/v2\/types\/product"}],"replies":[{"embeddable":true,"href":"https:\/\/vetomshop.hu\/sv\/wp-json\/wp\/v2\/comments?post=4737"}],"wp:featuredmedia":[{"embeddable":true,"href":"https:\/\/vetomshop.hu\/sv\/wp-json\/wp\/v2\/media\/4736"}],"wp:attachment":[{"href":"https:\/\/vetomshop.hu\/sv\/wp-json\/wp\/v2\/media?parent=4737"}],"wp:term":[{"taxonomy":"product_brand","embeddable":true,"href":"https:\/\/vetomshop.hu\/sv\/wp-json\/wp\/v2\/product_brand?post=4737"},{"taxonomy":"product_cat","embeddable":true,"href":"https:\/\/vetomshop.hu\/sv\/wp-json\/wp\/v2\/product_cat?post=4737"},{"taxonomy":"product_tag","embeddable":true,"href":"https:\/\/vetomshop.hu\/sv\/wp-json\/wp\/v2\/product_tag?post=4737"}],"curies":[{"name":"wp","href":"https:\/\/api.w.org\/{rel}","templated":true}]}}