{"id":4739,"date":"2023-11-11T14:34:00","date_gmt":"2023-11-11T13:34:00","guid":{"rendered":"https:\/\/vetomshop.hu\/termek\/trio-women-jelado\/"},"modified":"2023-11-11T14:34:00","modified_gmt":"2023-11-11T13:34:00","slug":"trio-women-jelado","status":"publish","type":"product","link":"https:\/\/vetomshop.hu\/sv\/produkt\/trio-women-jelado\/","title":{"rendered":"Fyr med tre kvinnor"},"content":{"rendered":"<h4>S\u00e4rskild radiator f\u00f6r trio-kvinnor<\/h4>\n<p>F\u00f6r kvinnor, nr 8.<\/p>\n<p>Rekommenderas: f\u00f6r att optimera m\u00e4nniskokroppens funktionella reserver och anpassningsf\u00f6rm\u00e5ga till f\u00f6ljd av negativ milj\u00f6p\u00e5verkan, livsstil eller sjukdom.<\/p>\n<p><strong>Rekommenderas f\u00f6r: <\/strong>f\u00f6r flickor och kvinnor.<\/p>\n<p><strong>P\u00e5verkan:<\/strong> allm\u00e4n h\u00e4lsofr\u00e4mjande effekt med h\u00e4nsyn till den kvinnliga organismens egenskaper (psyko-emotionell sf\u00e4r, neurohumoral reglering).<\/p>\n<p><strong>Verkningsmekanism:<\/strong> Programmet (b\u00e4rfrekvens, l\u00e5gfrekvensmodulering och amplitudparametrar) har utformats speciellt f\u00f6r att hj\u00e4lpa kvinnokroppen n\u00e4r det anv\u00e4nds i ett system.<\/p>\n<p>Till\u00e4mpningen av str\u00e5lbehandling i en behandling normaliserar trofiska och metaboliska processer i celler och v\u00e4vnader, regenererar dem, har en allm\u00e4n harmoniserande effekt p\u00e5 organ, organsystem och kroppen som helhet och \u00f6kar kroppens ospecifika motst\u00e5ndskraft. De positiva resultaten beror \u00e5 ena sidan p\u00e5 bioresonans\u00e5terkopplingen fr\u00e5n cellerna, det atom\u00e4ra fysiologiska systemet och det neurogumorala regleringssystemet och \u00e5 andra sidan p\u00e5 aktiveringen av anpassningsmekanismen (allm\u00e4nt anpassningssyndrom).<\/p>\n<div class=\"su-spoiler su-spoiler-style-defoult su-spoiler-icon-caret su-spoiler-closed\" data-scroll-offset=\"0\" data-anchor-in-url=\"no\"><div class=\"su-spoiler-title\" tabindex=\"0\" role=\"button\"><span class=\"su-spoiler-icon\"><\/span>Alla<\/div><div class=\"su-spoiler-content su-u-clearfix su-u-trim\">\n<p><strong>Rekommenderas f\u00f6r:<\/strong><\/p>\n<ol>\n<li>F\u00f6r nedsatt arbetsf\u00f6rm\u00e5ga och nedst\u00e4mdhet, psyko-emotionell instabilitet, s\u00f6mnl\u00f6shet som en f\u00f6ljd av kronisk tr\u00f6tthet.<\/li>\n<li>F\u00f6r behandling och f\u00f6rebyggande av sjukdomar i kvinnliga k\u00f6nsorgan och de obehagliga symtom som f\u00f6ljer med klimakteriet, samt f\u00f6r att st\u00e4rka fertiliteten och den sexuella h\u00e4lsan.<\/li>\n<li>Vanligt vid f\u00f6rkylningar.<\/li>\n<li>Aspecifikt f\u00f6rebyggande av influensa och f\u00f6rkylning.<\/li>\n<li>F\u00f6rsvagning av immunf\u00f6rsvaret under \u00e5terh\u00e4mtning eller rehabilitering efter sjukdom.<\/li>\n<\/ol>\n<\/div><\/div>","protected":false},"excerpt":{"rendered":"<p>Speci\u00e1lis Trio-Women sug\u00e1rz\u00f3 N\u0151k sz\u00e1m\u00e1ra, 8.sz. Javasolt: a funkcion\u00e1lis tartal\u00e9kok \u00e9s az emberi szervezet adapt\u00e1ci\u00f3s lehet\u0151s\u00e9geinek optimiz\u00e1l\u00e1s\u00e1hoz, melyek a negat\u00edv k\u00f6rnyezeti hat\u00e1sok, \u00e9letm\u00f3d vagy betegs\u00e9g k\u00f6vetkezt\u00e9ben l\u00e9ptek fel. Aj\u00e1nlott: l\u00e1nyok, n\u0151k sz\u00e1m\u00e1ra. Hat\u00e1sa: a n\u0151i szervezet jellemz\u0151it figyelembe vev\u0151 (pszicho-emocion\u00e1lis szf\u00e9ra, neurohumor\u00e1lis szab\u00e1lyoz\u00e1s) \u00e1ltal\u00e1nos eg\u00e9szs\u00e9gmeger\u0151s\u00edt\u0151 hat\u00e1s. Hat\u00e1smechanizmus: A program (hordoz\u00f3 frekvencia, alacsony frekvenci\u00e1j\u00fa modul\u00e1ci\u00f3 \u00e9s [&hellip;]<\/p>\n","protected":false},"featured_media":4738,"comment_status":"open","ping_status":"closed","template":"","meta":[],"product_brand":[],"product_cat":[35,32],"product_tag":[],"class_list":{"0":"post-4739","1":"product","2":"type-product","3":"status-publish","4":"has-post-thumbnail","6":"product_cat-csatlakoztathato-jeladok","7":"product_cat-triomed","9":"first","10":"instock","11":"taxable","12":"shipping-taxable","13":"purchasable","14":"product-type-simple"},"_links":{"self":[{"href":"https:\/\/vetomshop.hu\/sv\/wp-json\/wp\/v2\/product\/4739","targetHints":{"allow":["GET"]}}],"collection":[{"href":"https:\/\/vetomshop.hu\/sv\/wp-json\/wp\/v2\/product"}],"about":[{"href":"https:\/\/vetomshop.hu\/sv\/wp-json\/wp\/v2\/types\/product"}],"replies":[{"embeddable":true,"href":"https:\/\/vetomshop.hu\/sv\/wp-json\/wp\/v2\/comments?post=4739"}],"wp:featuredmedia":[{"embeddable":true,"href":"https:\/\/vetomshop.hu\/sv\/wp-json\/wp\/v2\/media\/4738"}],"wp:attachment":[{"href":"https:\/\/vetomshop.hu\/sv\/wp-json\/wp\/v2\/media?parent=4739"}],"wp:term":[{"taxonomy":"product_brand","embeddable":true,"href":"https:\/\/vetomshop.hu\/sv\/wp-json\/wp\/v2\/product_brand?post=4739"},{"taxonomy":"product_cat","embeddable":true,"href":"https:\/\/vetomshop.hu\/sv\/wp-json\/wp\/v2\/product_cat?post=4739"},{"taxonomy":"product_tag","embeddable":true,"href":"https:\/\/vetomshop.hu\/sv\/wp-json\/wp\/v2\/product_tag?post=4739"}],"curies":[{"name":"wp","href":"https:\/\/api.w.org\/{rel}","templated":true}]}}