{"id":4743,"date":"2023-11-11T14:34:00","date_gmt":"2023-11-11T13:34:00","guid":{"rendered":"https:\/\/vetomshop.hu\/termek\/siker-medal\/"},"modified":"2023-11-11T14:34:00","modified_gmt":"2023-11-11T13:34:00","slug":"siker-medal","status":"publish","type":"product","link":"https:\/\/vetomshop.hu\/sv\/produkt\/siker-medal\/","title":{"rendered":"Framg\u00e5ngsmedalj"},"content":{"rendered":"<h4>Framg\u00e5ngsmedalj f\u00f6r barn<\/h4>\n<p><strong>Syfte:<\/strong><\/p>\n<p>Kognitiva funktioner (kognitiva processer) -<\/p>\n<ol>\n<li>uppm\u00e4rksamhet, observation<\/li>\n<li>detektion-detektion<\/li>\n<li>minne<\/li>\n<li>tankefunktioner<\/li>\n<\/ol>\n<p>- som ett kompletterande verktyg f\u00f6r att hj\u00e4lpa till att aktivera, motverka inl\u00e4rningstr\u00f6tthet och f\u00f6rb\u00e4ttra det k\u00e4nslom\u00e4ssiga v\u00e4lbefinnandet.<\/p>\n<p>Det st\u00f6der \u00e5terh\u00e4mtning fr\u00e5n betydande informations\u00f6verbelastning och f\u00f6rebygger kronisk tr\u00f6tthet och utmattningssyndrom.<\/p>\n<div class=\"su-spoiler su-spoiler-style-defoult su-spoiler-icon-caret su-spoiler-closed\" data-scroll-offset=\"0\" data-anchor-in-url=\"no\"><div class=\"su-spoiler-title\" tabindex=\"0\" role=\"button\"><span class=\"su-spoiler-icon\"><\/span>Alla<\/div><div class=\"su-spoiler-content su-u-clearfix su-u-trim\">\n<h4>Kort beskrivning<\/h4>\n<p>Den information som registreras p\u00e5 den elektroniska informationsb\u00e4raren - SIKER Health Medal - motsvarar spektrumet av elektromagnetiska vibrationer i cellerna och v\u00e4vnaderna i det centrala nervsystemet och vibrationerna (elektromagnetiskt spektrum) av antihomotoxiska \u00e4mnen som \u00f6kar den mentala arbetsf\u00f6rm\u00e5gan, antistressstabiliteten hos studenter och intellektuella arbetare och uppr\u00e4tth\u00e5ller en optimal psyko-emotionell bakgrund. Studenternas aktiviteter \u00e5tf\u00f6ljs av en h\u00f6g intensitet av mentala processer under f\u00f6rh\u00e5llanden med tidspress och h\u00f6g informationst\u00e4thet, som har karakt\u00e4ren av stress. T\u00e4nkande involverar de aktiva aspekterna av kognition: uppm\u00e4rksamhet, uppfattning, associationsprocesser, bildande av begrepp och utv\u00e4rderingar, en del av den sociala personens realistiska aktivitet.<\/p>\n<p>T\u00e4nkandet \u00e4r relaterat till hj\u00e4rnans aktivitet, men f\u00f6rm\u00e5gan att t\u00e4nka abstrakt kommer fr\u00e5n f\u00f6rv\u00e4rvet av praktisk existens, spr\u00e5kregler, logik, kultur. T\u00e4nkandet \u00e4ger rum i olika former av intellektuell och praktisk verksamhet, under vilken m\u00e4nniskors kognitiva erfarenheter generaliseras och aggregeras. T\u00e4nkandet anses vara k\u00e4llan till och det grundl\u00e4ggande medlet f\u00f6r m\u00e4nniskans verkliga existens.<\/p>\n<\/div><\/div>","protected":false},"excerpt":{"rendered":"<p>Siker Med\u00e1l gyerekeknek Rendeltet\u00e9se: A kognit\u00edv funkci\u00f3k (megismer\u0151 folyamatok) &#8211; figyelem, megfigyel\u0151k\u00e9pess\u00e9g \u00e9rz\u00e9kel\u00e9s-\u00e9szlel\u00e9s eml\u00e9kezet gondolkod\u00e1si funkci\u00f3k &#8211; aktiv\u00e1l\u00e1s\u00e1t seg\u00edt\u0151, a tanul\u00e1st k\u00eds\u00e9r\u0151 f\u00e1radts\u00e1g ellens\u00falyoz\u00e1s\u00e1t \u00e9s az emocion\u00e1lis k\u00f6z\u00e9rzet jav\u00edt\u00e1s\u00e1t szolg\u00e1l\u00f3 kieg\u00e9sz\u00edt\u0151 eszk\u00f6z. T\u00e1mogatja a jelent\u0151s inform\u00e1ci\u00f3s megterhel\u00e9s ut\u00e1ni helyre\u00e1ll\u00edt\u00e1st, a kr\u00f3nikus f\u00e1radts\u00e1g \u00e9s kimer\u00fclts\u00e9g szindr\u00f3ma megel\u0151z\u00e9s\u00e9t.<\/p>","protected":false},"featured_media":4742,"comment_status":"open","ping_status":"closed","template":"","meta":[],"product_brand":[],"product_cat":[33,32],"product_tag":[],"class_list":{"0":"post-4743","1":"product","2":"type-product","3":"status-publish","4":"has-post-thumbnail","6":"product_cat-egeszseg-medalok","7":"product_cat-triomed","9":"first","10":"instock","11":"taxable","12":"shipping-taxable","13":"purchasable","14":"product-type-simple"},"_links":{"self":[{"href":"https:\/\/vetomshop.hu\/sv\/wp-json\/wp\/v2\/product\/4743","targetHints":{"allow":["GET"]}}],"collection":[{"href":"https:\/\/vetomshop.hu\/sv\/wp-json\/wp\/v2\/product"}],"about":[{"href":"https:\/\/vetomshop.hu\/sv\/wp-json\/wp\/v2\/types\/product"}],"replies":[{"embeddable":true,"href":"https:\/\/vetomshop.hu\/sv\/wp-json\/wp\/v2\/comments?post=4743"}],"wp:featuredmedia":[{"embeddable":true,"href":"https:\/\/vetomshop.hu\/sv\/wp-json\/wp\/v2\/media\/4742"}],"wp:attachment":[{"href":"https:\/\/vetomshop.hu\/sv\/wp-json\/wp\/v2\/media?parent=4743"}],"wp:term":[{"taxonomy":"product_brand","embeddable":true,"href":"https:\/\/vetomshop.hu\/sv\/wp-json\/wp\/v2\/product_brand?post=4743"},{"taxonomy":"product_cat","embeddable":true,"href":"https:\/\/vetomshop.hu\/sv\/wp-json\/wp\/v2\/product_cat?post=4743"},{"taxonomy":"product_tag","embeddable":true,"href":"https:\/\/vetomshop.hu\/sv\/wp-json\/wp\/v2\/product_tag?post=4743"}],"curies":[{"name":"wp","href":"https:\/\/api.w.org\/{rel}","templated":true}]}}