{"id":4745,"date":"2023-11-11T14:34:01","date_gmt":"2023-11-11T13:34:01","guid":{"rendered":"https:\/\/vetomshop.hu\/termek\/solo-medal\/"},"modified":"2023-11-11T14:34:01","modified_gmt":"2023-11-11T13:34:01","slug":"solo-medal","status":"publish","type":"product","link":"https:\/\/vetomshop.hu\/sv\/produkt\/solo-medal\/","title":{"rendered":"Solo H\u00e4ngsmycke"},"content":{"rendered":"<h4>SOLO H\u00e4lsomedalj<\/h4>\n<p><strong>Huvudsakliga funktioner:<\/strong><\/p>\n<p>Solo Medal \u00e4r ett komplement\u00e4rt verktyg f\u00f6r att st\u00f6dja kroppens f\u00f6rsvarsmekanismer och aktivera immunf\u00f6rsvaret.<\/p>\n<p>Det \u00e4r mest anv\u00e4ndbart vid virus- och bakterieinfektioner.<\/p>\n<p><strong>P\u00e5verkan:<\/strong><\/p>\n<ul>\n<li>f\u00f6r att st\u00f6dja st\u00e4rkandet av immunsystemet, f\u00f6r att st\u00f6dja en minskad reaktion p\u00e5 allergener,<\/li>\n<li>st\u00f6dja \u00e5terh\u00e4mtningen fr\u00e5n virussjukdomar,<\/li>\n<li>st\u00f6dja avl\u00e4gsnandet av giftiga \u00e4mnen,<\/li>\n<li>st\u00f6djer antibakteriell och antiviral verkan.<\/li>\n<\/ul>\n<p><strong>N\u00e4r ska man anv\u00e4nda det?<\/strong><\/p>\n<div class=\"su-spoiler su-spoiler-style-defoult su-spoiler-icon-caret su-spoiler-closed\" data-scroll-offset=\"0\" data-anchor-in-url=\"no\"><div class=\"su-spoiler-title\" tabindex=\"0\" role=\"button\"><span class=\"su-spoiler-icon\"><\/span>Alla<\/div><div class=\"su-spoiler-content su-u-clearfix su-u-trim\">\nSolo Pendant har en positiv effekt p\u00e5 kroppens funktionella funktion och kan anv\u00e4ndas som ett kompletterande korrigerande och optimerande verktyg f\u00f6r att f\u00f6rebygga och behandla f\u00f6ljande sjukdomar:<\/p>\n<ul>\n<li>f\u00f6r \u00f6vre bakteriella och virala luftv\u00e4gssjukdomar;<\/li>\n<li>vid inflammatoriska sjukdomar, fall av bakteriell-allergisk natur, rinit, faryngit, laryngit, bronkit;<\/li>\n<li>i tidiga stadier av autoimmuna sjukdomar (bronkialastma, astmatisk bronkit, reumatoid artrit, pyelo- och glumerulonefrit - nefrit, autoimmun sk\u00f6ldk\u00f6rtelsjukdom, valvul\u00e4r hj\u00e4rtsjukdom p\u00e5 grund av reumatism, endotelial vaskul\u00e4r sjukdom, streptokock- och stafylokockdermatit).<\/li>\n<\/ul>\n<p>Viktig varning: om du utvecklar symtom p\u00e5 sjukdomar i \u00f6vre och nedre luftv\u00e4garna ska du kontakta l\u00e4kare. Anv\u00e4nd Solo Medal som ett komplement till de behandlingsmetoder som rekommenderas av din l\u00e4kare f\u00f6r att st\u00f6dja din \u00e5terh\u00e4mtning.<\/p>\n<\/div><\/div>","protected":false},"excerpt":{"rendered":"<p>SOLO Eg\u00e9szs\u00e9g Med\u00e1l F\u0151 funkci\u00f3i: A Solo Med\u00e1l kieg\u00e9sz\u00edt\u0151 eszk\u00f6z, mely a szervezet v\u00e9dekez\u0151 mechanizmusait \u00e9s az immunrendszer aktiv\u00e1l\u00e1s\u00e1t t\u00e1mogatja. V\u00edrusos \u00e9s bakteri\u00e1lis fert\u0151z\u00e9sek eset\u00e9n ny\u00fajtja a legnagyobb seg\u00edts\u00e9get. Hat\u00e1sa: immunrendszer er\u0151s\u00edt\u00e9s\u00e9nek t\u00e1mogat\u00e1sa, az allerg\u00e9nekre val\u00f3 cs\u00f6kkent reakci\u00f3 el\u00e9r\u00e9s\u00e9nek t\u00e1mogat\u00e1sa, a v\u00edrusos megbeteged\u00e9sek gy\u00f3gyul\u00e1s\u00e1nak t\u00e1mogat\u00e1sa, a toxikus anyagok kivezet\u00e9s\u00e9nek t\u00e1mogat\u00e1sa, antibakteri\u00e1lis \u00e9s v\u00edrus\u00f6l\u0151 hat\u00e1s t\u00e1mogat\u00e1sa. [&hellip;]<\/p>\n","protected":false},"featured_media":4744,"comment_status":"open","ping_status":"closed","template":"","meta":[],"product_brand":[],"product_cat":[33,32],"product_tag":[],"class_list":{"0":"post-4745","1":"product","2":"type-product","3":"status-publish","4":"has-post-thumbnail","6":"product_cat-egeszseg-medalok","7":"product_cat-triomed","9":"first","10":"instock","11":"taxable","12":"shipping-taxable","13":"purchasable","14":"product-type-simple"},"_links":{"self":[{"href":"https:\/\/vetomshop.hu\/sv\/wp-json\/wp\/v2\/product\/4745","targetHints":{"allow":["GET"]}}],"collection":[{"href":"https:\/\/vetomshop.hu\/sv\/wp-json\/wp\/v2\/product"}],"about":[{"href":"https:\/\/vetomshop.hu\/sv\/wp-json\/wp\/v2\/types\/product"}],"replies":[{"embeddable":true,"href":"https:\/\/vetomshop.hu\/sv\/wp-json\/wp\/v2\/comments?post=4745"}],"wp:featuredmedia":[{"embeddable":true,"href":"https:\/\/vetomshop.hu\/sv\/wp-json\/wp\/v2\/media\/4744"}],"wp:attachment":[{"href":"https:\/\/vetomshop.hu\/sv\/wp-json\/wp\/v2\/media?parent=4745"}],"wp:term":[{"taxonomy":"product_brand","embeddable":true,"href":"https:\/\/vetomshop.hu\/sv\/wp-json\/wp\/v2\/product_brand?post=4745"},{"taxonomy":"product_cat","embeddable":true,"href":"https:\/\/vetomshop.hu\/sv\/wp-json\/wp\/v2\/product_cat?post=4745"},{"taxonomy":"product_tag","embeddable":true,"href":"https:\/\/vetomshop.hu\/sv\/wp-json\/wp\/v2\/product_tag?post=4745"}],"curies":[{"name":"wp","href":"https:\/\/api.w.org\/{rel}","templated":true}]}}