{"id":4755,"date":"2023-11-11T14:34:03","date_gmt":"2023-11-11T13:34:03","guid":{"rendered":"https:\/\/vetomshop.hu\/termek\/menedzser-kartya\/"},"modified":"2023-11-11T14:34:03","modified_gmt":"2023-11-11T13:34:03","slug":"menedzser-kartya","status":"publish","type":"product","link":"https:\/\/vetomshop.hu\/sv\/produkt\/menedzser-kartya\/","title":{"rendered":"Chefskort"},"content":{"rendered":"<h4>Vad \u00e4r MENEDZSER CARD till f\u00f6r?<\/h4>\n<p><strong>KORT F\u00d6R MANAGER<\/strong> - en anordning f\u00f6r f\u00f6rebyggande och behandling av kronisk tr\u00f6tthet och \u00f6veranstr\u00e4ngningssyndrom, f\u00f6r att \u00f6ka arbetsf\u00f6rm\u00e5gan, f\u00f6r att aktivera regenereringsprocesser efter stressande arbetsbelastningar och f\u00f6r att \u00f6ka immuniteten.<\/p>\n<p>MENEDZSER CARD:s funktion st\u00f6der kognitiva processer. Det syftar till att aktivera minnesprocesser, m\u00f6jligg\u00f6ra omedelbar memorering av n\u00f6dv\u00e4ndig information, \u00f6ka tankehastigheten, \u00e5terst\u00e4lla det normala f\u00f6rloppet av fysiologiska processer i cellerna och v\u00e4vnaderna i centrala nervsystemet, \u00f6ka deras stabilitet mot de skadliga effekterna av omv\u00e4rlden.<\/p>\n<p><strong>Effekter:<\/strong><\/p>\n<ul>\n<li>st\u00f6djer blodcirkulationen och \u00e4mnesoms\u00e4ttningen i det centrala nervsystemet och hj\u00e4lper till att \u00e5terst\u00e4lla det centrala nervsystemets funktioner;<\/li>\n<li>hj\u00e4lper till att f\u00f6rb\u00e4ttra minnet, s\u00e5 att du kan ta till dig mer information;<\/li>\n<li>st\u00f6der koncentrationen,<\/li>\n<li>minskar tr\u00f6tthet under aktivitet;<\/li>\n<li>minskar den neuro-emotionella sp\u00e4nningen vid datoranv\u00e4ndning;<\/li>\n<li>harmoniserar den emotionella och psykiska attityden;<\/li>\n<li>f\u00f6rb\u00e4ttrar intuitionen,<\/li>\n<li>hj\u00e4lper till att f\u00f6rhindra utvecklingen av kronisk stress och tr\u00f6tthet.<\/li>\n<\/ul>\n<div class=\"su-spoiler su-spoiler-style-defoult su-spoiler-icon-caret su-spoiler-closed\" data-scroll-offset=\"0\" data-anchor-in-url=\"no\"><div class=\"su-spoiler-title\" tabindex=\"0\" role=\"button\"><span class=\"su-spoiler-icon\"><\/span>Alla<\/div><div class=\"su-spoiler-content su-u-clearfix su-u-trim\">\n<strong>Med hj\u00e4lp av:<\/strong><\/p>\n<ul>\n<li>kommer att fokusera p\u00e5 de viktigaste sakerna,<\/li>\n<li>fr\u00e4mjar en positiv inst\u00e4llning till livet och utvecklingen av beslutsamhet,<\/li>\n<li>hj\u00e4lper dig att fokusera p\u00e5 framg\u00e5ng och syfte,<\/li>\n<li>st\u00f6djer en k\u00e4nsla av prestation, sj\u00e4lvf\u00f6rtroende och tro p\u00e5 att m\u00e5let kommer att uppn\u00e5s!<\/li>\n<\/ul>\n<\/div><\/div>","protected":false},"excerpt":{"rendered":"<p>Mire szolg\u00e1l a MENEDZSER K\u00c1RTYA? MENEDZSER K\u00c1RTYA \u2013 a kr\u00f3nikus f\u00e1rad\u00e9konys\u00e1g \u00e9s a t\u00falhajszolts\u00e1g szindr\u00f3m\u00e1ja megel\u0151z\u00e9s\u00e9re \u00e9s kezel\u00e9s\u00e9re, a munkab\u00edr\u00e1s n\u00f6vel\u00e9s\u00e9re, az \u00e1tv\u00e9szelt stressz-megterhel\u00e9seket k\u00f6vet\u0151 regener\u00e1ci\u00f3s folyamatok aktiviz\u00e1l\u00e1s\u00e1ra, az immunit\u00e1s n\u00f6vel\u00e9s\u00e9re szolg\u00e1l\u00f3 k\u00e9sz\u00fcl\u00e9k. A MENEDZSER K\u00c1RTYA m\u0171k\u00f6d\u00e9se a kognit\u00edv folyamatok m\u0171k\u00f6d\u00e9s\u00e9t t\u00e1mogatja. Az eml\u00e9kez\u00e9s folyamatainak aktiviz\u00e1l\u00e1s\u00e1ra, a sz\u00fcks\u00e9ges inform\u00e1ci\u00f3 azonnali memoriz\u00e1l\u00e1s\u00e1nak lehet\u0151s\u00e9g\u00e9re, a gondolkod\u00e1s sebess\u00e9g\u00e9nek [&hellip;]<\/p>\n","protected":false},"featured_media":4754,"comment_status":"open","ping_status":"closed","template":"","meta":[],"product_brand":[],"product_cat":[33,32],"product_tag":[],"class_list":{"0":"post-4755","1":"product","2":"type-product","3":"status-publish","4":"has-post-thumbnail","6":"product_cat-egeszseg-medalok","7":"product_cat-triomed","9":"first","10":"instock","11":"taxable","12":"shipping-taxable","13":"purchasable","14":"product-type-simple"},"_links":{"self":[{"href":"https:\/\/vetomshop.hu\/sv\/wp-json\/wp\/v2\/product\/4755","targetHints":{"allow":["GET"]}}],"collection":[{"href":"https:\/\/vetomshop.hu\/sv\/wp-json\/wp\/v2\/product"}],"about":[{"href":"https:\/\/vetomshop.hu\/sv\/wp-json\/wp\/v2\/types\/product"}],"replies":[{"embeddable":true,"href":"https:\/\/vetomshop.hu\/sv\/wp-json\/wp\/v2\/comments?post=4755"}],"wp:featuredmedia":[{"embeddable":true,"href":"https:\/\/vetomshop.hu\/sv\/wp-json\/wp\/v2\/media\/4754"}],"wp:attachment":[{"href":"https:\/\/vetomshop.hu\/sv\/wp-json\/wp\/v2\/media?parent=4755"}],"wp:term":[{"taxonomy":"product_brand","embeddable":true,"href":"https:\/\/vetomshop.hu\/sv\/wp-json\/wp\/v2\/product_brand?post=4755"},{"taxonomy":"product_cat","embeddable":true,"href":"https:\/\/vetomshop.hu\/sv\/wp-json\/wp\/v2\/product_cat?post=4755"},{"taxonomy":"product_tag","embeddable":true,"href":"https:\/\/vetomshop.hu\/sv\/wp-json\/wp\/v2\/product_tag?post=4755"}],"curies":[{"name":"wp","href":"https:\/\/api.w.org\/{rel}","templated":true}]}}