{"id":5820,"date":"2024-06-01T18:26:31","date_gmt":"2024-06-01T16:26:31","guid":{"rendered":"https:\/\/vetomshop.hu\/?post_type=product&#038;p=5820"},"modified":"2026-04-12T08:27:56","modified_gmt":"2026-04-12T06:27:56","slug":"vetom-1-1-probiotikum-por-500-g-etrend-kiegeszito","status":"publish","type":"product","link":"https:\/\/vetomshop.hu\/sv\/produkt\/vetom-1-1-probiotikum-por-500-g-etrend-kiegeszito\/","title":{"rendered":"Vetom <span style=\"color:red\">1.1<\/span> probiotisk <br>por <span style=\"color:red\">500 g<\/span> (kosttillskott)"},"content":{"rendered":"<p>De positiva effekterna av <strong>Bacillus subtilis<\/strong> nyttiga bakterier som huvudsakligen f\u00f6r\u00f6kar sig i tjocktarmen och producerar: proteolytiska, amylolytiska och cellulolytiska enzymer; interferon a-2 fr\u00e5n m\u00e4nskliga leukocyter; bacitracin mg, som h\u00e4mmar tillv\u00e4xt och utveckling av patogena och potentiellt patogena mikrofloror; och andra biologiskt aktiva substanser.<\/p>\n<p>Som en f\u00f6ljd av detta omvandlas bakteriesammans\u00e4ttningen i tarminneh\u00e5llet till r\u00e4tt utvecklingsnorm, tarmv\u00e4ggarna reng\u00f6rs fr\u00e5n osm\u00e4lta rester, vilket bidrar till aktivt avl\u00e4gsnande av toxiner fr\u00e5n kroppen, obehindrad transport av biologiskt aktiva n\u00e4rings\u00e4mnen.<\/p>\n<p>Genom Vetom 1.1 normaliseras \u00e4mnesoms\u00e4ttningen, matsm\u00e4ltningen och upptaget av biologiskt aktiva livsmedelskomponenter i mag-tarmkanalen.<\/p>\n<p>En barnv\u00e4nlig produkt som \u00e4r ljuvligt s\u00f6t och som till och med kan \u00e4tas oralt som den \u00e4r.<\/p>\n<p>Vetom 1.1 \u00f6kar l\u00e4kemedlens effektivitet och minskar deras negativa biverkningar p\u00e5 m\u00e4nniskokroppen.<\/p>\n<p>Det \u00e4r inte ett l\u00e4kemedel.<\/p>\n<p><strong>Farmakologiska effekter<\/strong>: immunmodulerande, antiviralt, antiproliferativt, bakteried\u00f6dande, svampd\u00f6dande, klamydiabek\u00e4mpande.<\/p>\n<h5>Funktioner:<\/h5>\n<ul>\n<li>Den har h\u00f6g antagonistisk aktivitet mot patogena och villkorligt patogena svampar och bakterier, antivirala, proteolytiska, amylolytiska och cellulolytiska egenskaper<\/li>\n<li>stimulerar cellul\u00e4ra och humorala immunitetsfaktorer<\/li>\n<li>\u00f6kar kroppens ospecifika motst\u00e5nd<\/li>\n<li>stabiliserar allergisk resistens<\/li>\n<li>normaliserar \u00e4mnesoms\u00e4ttningen<\/li>\n<\/ul>\n<p>- INGA BIVERKNINGAR<br \/>\n- INGEN \u00c5LDERSBEGR\u00c4NSNING<br \/>\n- INGEN \u00d6VERDOSERING<br \/>\n- INTE BEROENDEFRAMKALLANDE<\/p>\n<h5>Anv\u00e4ndningsomr\u00e5de<\/h5>\n<p>Anv\u00e4ndning av probiotiska mikroorganismer som en biologiskt aktiv livsmedelstillsats rekommenderas f\u00f6r reparation av mag-tarmkanalen och \u00e5terst\u00e4llande av tarmens mikroflora.<\/p>\n<p><em><strong>Dosering:<\/strong><\/em> rekommenderas i 10 dagar , 3-5 teskedar pulver dagligen f\u00f6re , under eller efter m\u00e5ltider , ensam ( kan ocks\u00e5 drickas med vatten eller juice) .<\/p>\n<p>Vetom 1.1 \u00e4r inte beroendeframkallande.<\/p>\n<p>Det rekommenderas att upprepa kurerna efter 1-2 veckors uppeh\u00e5ll, och det rekommenderas att byta till en annan numrerad Vetom-produkt med j\u00e4mna mellanrum.<\/p>\n<h5>Kontraindikationer<\/h5>\n<p>\u00d6verk\u00e4nslighet mot vissa ingredienser i produkten.<\/p>\n<p>Ta inte Vetom 1.1 samtidigt med antibiotika och andra probiotika.<\/p>\n<h5>S\u00e4rskilda anvisningar<\/h5>\n<p>Anv\u00e4ndning under graviditet och amning endast efter l\u00e4karkonsultation.<\/p>\n<p>Preparatet p\u00e5verkar inte f\u00f6rm\u00e5gan att k\u00f6ra bil eller att anv\u00e4nda potentiellt farliga mekanismer.<\/p>\n<h5>Dispensering<\/h5>\n<p><strong>I pulverform, f\u00f6rpackade i polymera burkar<\/strong><\/p>\n<h5><strong>Ingredienser:<\/strong><\/h5>\n<p>Vetom 1.1. \u00e4r en biologiskt aktiv tillsats som anv\u00e4nds som en extra k\u00e4lla till probiotiska mikroorganismer.1 portion av kosttillskott - 5 g som ,<\/p>\n<p>Inneh\u00e5ller: majsextrakt - 2000 mg; potatisst\u00e4rkelse - 1500 mg; str\u00f6socker - 1000 mg; torrkultur av probiotiska mikroorganismer Bacillus subtilis B-10641 (DSM 24613) stam 1\u00d7108 CFU\/g - 500 mg. Vetom 1.1 administreras oralt.<\/p>\n<p>Inneh\u00e5ll per 100 g produkt (medelv\u00e4rden): fett - h\u00f6gst 0,1 g, proteiner - h\u00f6gst 1,0 g, kolhydrater - minst 98,9 g. Energiv\u00e4rde - h\u00f6gst 400 Kcal.<\/p>\n<h5>F\u00f6rvaringsf\u00f6rh\u00e5llanden<\/h5>\n<p>Kan lagras vid 75 % relativ luftfuktighet under 30\u00b0C.<\/p>\n<h5>H\u00e5llbarhetstid<\/h5>\n<p>2 \u00e5r fr\u00e5n tillverkningsdatumet. F\u00e5r inte konsumeras efter utg\u00e5ngsdatumet.<\/p>\n<p>Nettovikt - 500 g<\/p>\n<p>Bruttovikt - 547 g<\/p>","protected":false},"excerpt":{"rendered":"<p>De positiva effekterna av <strong>Bacillus subtilis<\/strong> nyttiga bakterier, som huvudsakligen produceras genom att f\u00f6r\u00f6ka sig i tjocktarmen:<\/p>\n<ul class=\"vetom-list\">\n<li>proteolytiska, amylolytiska och cellulosolytiska enzymer;<\/li>\n<li>a-2 interferon i m\u00e4nskliga leukocyter;<\/li>\n<li>Bacitracin mg, som h\u00e4mmar tillv\u00e4xt och utveckling av patogena och potentiellt patogena mikrofloror;<\/li>\n<li>och andra biologiskt aktiva substanser.<\/li>\n<\/ul>\n<p>Som en f\u00f6ljd av detta omvandlas bakteriesammans\u00e4ttningen i tarminneh\u00e5llet till r\u00e4tt utvecklingsnorm, tarmv\u00e4ggarna reng\u00f6rs fr\u00e5n osm\u00e4lta rester, vilket bidrar till aktivt avl\u00e4gsnande av toxiner fr\u00e5n kroppen, obehindrad transport av biologiskt aktiva n\u00e4rings\u00e4mnen.<\/p>\n<div class=\"plashka\">A <strong>Vetom <span style=\"color: red;\">1.1<\/span><\/strong> normaliserar \u00e4mnesoms\u00e4ttningen, matsm\u00e4ltningen och absorptionen av biologiskt aktiva livsmedelskomponenter i mag-tarmkanalen.<\/div>\n<p>En barnv\u00e4nlig produkt som \u00e4r h\u00e4rligt s\u00f6t och kan \u00e4tas oralt som den \u00e4r.<\/p>\n<p>A <strong>Vetom <span style=\"color: red;\">1.1<\/span><\/strong> \u00f6kar l\u00e4kemedlens effektivitet och minskar deras negativa biverkningar p\u00e5 m\u00e4nniskokroppen.<\/p>\n<p>Det \u00e4r inte ett l\u00e4kemedel.<\/p>\n<div class=\"plashka\"><strong>Farmakologiska effekter<\/strong>: immunmodulerande, antiviralt, antiproliferativt, bakteried\u00f6dande, svampd\u00f6dande, klamydiabek\u00e4mpande.<\/div>\n<h5>Funktioner:<\/h5>\n<ul class=\"vetom-list\">\n<li>Den har h\u00f6g antagonistisk aktivitet mot patogena och villkorligt patogena svampar och bakterier, antivirala, proteolytiska, amylolytiska och cellulolytiska egenskaper<\/li>\n<li>stimulerar cellul\u00e4ra och humorala immunitetsfaktorer<\/li>\n<li>\u00f6kar kroppens ospecifika motst\u00e5nd<\/li>\n<li>stabiliserar allergisk resistens<\/li>\n<li>normaliserar \u00e4mnesoms\u00e4ttningen<\/li>\n<\/ul>","protected":false},"featured_media":5821,"comment_status":"open","ping_status":"closed","template":"","meta":[],"product_brand":[],"product_cat":[22],"product_tag":[],"class_list":{"0":"post-5820","1":"product","2":"type-product","3":"status-publish","4":"has-post-thumbnail","6":"product_cat-vetom-probiotikumok","8":"first","9":"instock","10":"featured","11":"taxable","12":"shipping-taxable","13":"purchasable","14":"product-type-simple"},"_links":{"self":[{"href":"https:\/\/vetomshop.hu\/sv\/wp-json\/wp\/v2\/product\/5820","targetHints":{"allow":["GET"]}}],"collection":[{"href":"https:\/\/vetomshop.hu\/sv\/wp-json\/wp\/v2\/product"}],"about":[{"href":"https:\/\/vetomshop.hu\/sv\/wp-json\/wp\/v2\/types\/product"}],"replies":[{"embeddable":true,"href":"https:\/\/vetomshop.hu\/sv\/wp-json\/wp\/v2\/comments?post=5820"}],"wp:featuredmedia":[{"embeddable":true,"href":"https:\/\/vetomshop.hu\/sv\/wp-json\/wp\/v2\/media\/5821"}],"wp:attachment":[{"href":"https:\/\/vetomshop.hu\/sv\/wp-json\/wp\/v2\/media?parent=5820"}],"wp:term":[{"taxonomy":"product_brand","embeddable":true,"href":"https:\/\/vetomshop.hu\/sv\/wp-json\/wp\/v2\/product_brand?post=5820"},{"taxonomy":"product_cat","embeddable":true,"href":"https:\/\/vetomshop.hu\/sv\/wp-json\/wp\/v2\/product_cat?post=5820"},{"taxonomy":"product_tag","embeddable":true,"href":"https:\/\/vetomshop.hu\/sv\/wp-json\/wp\/v2\/product_tag?post=5820"}],"curies":[{"name":"wp","href":"https:\/\/api.w.org\/{rel}","templated":true}]}}