{"id":6957,"date":"2025-07-26T15:40:40","date_gmt":"2025-07-26T13:40:40","guid":{"rendered":"https:\/\/vetomshop.hu\/?post_type=product&#038;p=6957"},"modified":"2025-12-31T14:57:45","modified_gmt":"2025-12-31T13:57:45","slug":"bioseptin-probiotikus-kenocs-60-g","status":"publish","type":"product","link":"https:\/\/vetomshop.hu\/sv\/produkt\/bioseptin-probiotikus-kenocs-60-g\/","title":{"rendered":"Bioseptin probiotisk salva <span style=\"color:red\">60<\/span> g"},"content":{"rendered":"<p><span style=\"font-size: x-large;\"><b>Bioseptin Probiotisk salva 60 g<\/b><\/span><\/p>\n<p><span style=\"font-size: x-large;\">Bioseptin salva har antiseptiska, antiinflammatoriska och proteinbrytande egenskaper. Den inneh\u00e5ller bakteriesporer fr\u00e5n Bacillus subtilis och Bacillus licheniformis som \u00e4r effektiva mot ett brett spektrum av patogener. De f\u00f6rst\u00f6r patogena bakterier p\u00e5 s\u00e5rytan, oavsett om det \u00e4r i en syrekr\u00e4vande eller syrefri milj\u00f6, s\u00e4rskilt grampositiva typer. De hj\u00e4lper till att bryta ner d\u00f6d v\u00e4vnad och skadliga bakterier, vilket f\u00f6rhindrar \u00e5terinfektion och p\u00e5skyndar s\u00e5rl\u00e4kningen. Salvan orsakar inte irritation och det f\u00f6rekommer inga allergiska reaktioner.<\/span><\/p>\n<p><span style=\"font-size: x-large;\"><b>Sammans\u00e4ttning och presentation:<\/b><\/span><\/p>\n<p><span style=\"font-size: x-large;\">Salvan inneh\u00e5ller sporer av de tv\u00e5 bakteriestammarna i en agar (gelliknande) bas och etylalkohol. Den inneh\u00e5ller inga genetiskt modifierade ingredienser. Varje gram salva inneh\u00e5ller minst en miljon levande bakterieceller.<\/span><\/p>\n<p>Flera l\u00e4nder inom den internationella organisationen har gemensamt inf\u00f6rt ett handelsf\u00f6rbud (embargo) mot kosmetiska produkter, varf\u00f6r Bioseptin salva har registrerats som veterin\u00e4rmedicinskt l\u00e4kemedel i Ungern. .<\/p>\n<p><span style=\"font-size: x-large;\"><b>Hur man anv\u00e4nder:<\/b><\/span><\/p>\n<p><span style=\"font-size: x-large;\">Den ska appliceras utv\u00e4rtes, tunt utsmetad \u00f6ver det skadade hudomr\u00e5det, 1-2 g\u00e5nger om dagen tills den l\u00e4kt. Det behandlade omr\u00e5det beh\u00f6ver inte kl\u00e4s.<\/span><\/p>\n<p><span style=\"font-size: x-large;\"><b>N\u00e4r du inte ska anv\u00e4nda den:<\/b><\/span><\/p>\n<p><span style=\"font-size: x-large;\">\u00a0 \u00a0Om du \u00e4r k\u00e4nslig mot n\u00e5got av inneh\u00e5lls\u00e4mnena i denna produkt rekommenderas den inte. Den b\u00f6r inte heller anv\u00e4ndas i kombination med antibiotika, sulfonamider eller andra bakteriebaserade preparat.<\/span><\/p>\n<p><span style=\"font-size: x-large;\"><b>Viktig information:<\/b><\/span><\/p>\n<p><span style=\"font-size: x-large;\"><span style=\"color: #127622;\"><b>Hos m\u00e4nniskor, anv\u00e4ndning av salva:<\/b><\/span><\/span><\/p>\n<p><span style=\"font-size: large;\">Applicera ett tunt lager 1-2 g\u00e5nger om dagen p\u00e5 det drabbade omr\u00e5det tills s\u00e5ret \u00e4r l\u00e4kt.<\/span><\/p>\n<p><span style=\"font-size: large;\">\u00d6verdosering \u00e4r inte m\u00f6jlig.<\/span><\/p>\n<p><span style=\"font-size: x-large;\"><span style=\"color: #127622;\"><b>F\u00f6r djur, applicering av salva:<\/b><\/span><\/span><\/p>\n<p><span style=\"font-size: x-large;\">N\u00e4r djuren har behandlats finns det ingen v\u00e4ntetid innan deras k\u00f6tt eller andra produkter (t.ex. \u00e4gg, mj\u00f6lk) kan anv\u00e4ndas som livsmedel - de kan allts\u00e5 konsumeras omedelbart.<\/span><\/p>\n<p><span style=\"font-size: x-large;\"><b>Anv\u00e4ndningsomr\u00e5den:<\/b><\/span><\/p>\n<p><span style=\"font-size: x-large;\">Det kan anv\u00e4ndas f\u00f6r att behandla s\u00e5r, infekterad eller d\u00f6d v\u00e4vnad, br\u00e4nnskador och dermatit hos olika djurarter - husdjur, lantbruksdjur, vilda djur, p\u00e4lsdjur och fj\u00e4derf\u00e4.<\/span><\/p>\n<p><span style=\"font-size: x-large;\"><b>Biverkningar:<\/b><\/span><\/p>\n<p><span style=\"font-size: x-large;\">Vid korrekt anv\u00e4ndning \u00e4r biverkningarna s\u00e4llsynta eller obefintliga.<\/span><\/p>\n<p><span style=\"font-size: x-large;\"><b>F\u00f6rvaring :<\/b><\/span><\/p>\n<p><span style=\"font-size: x-large;\">Salvan ska f\u00f6rvaras svalt (0-10 \u00b0C), torrt och m\u00f6rkt, o\u00e5tkomligt f\u00f6r barn och djur. Den b\u00f6r f\u00f6rvaras vid 20 \u00b0C i h\u00f6gst 2 veckor under transport. Kan anv\u00e4ndas i 2 \u00e5r fr\u00e5n tillverkningsdatum.<\/span><\/p>","protected":false},"excerpt":{"rendered":"<p>A <strong>Bioseptin salva<\/strong> antiseptiska, antiinflammatoriska och proteolytiska egenskaper. Inneh\u00e5ller <strong>Bacillus subtilis<\/strong> och <strong>Bacillus licheniformis<\/strong> bakteriesporer \u00e4r effektiva mot ett brett spektrum av patogener. De d\u00f6dar patogena bakterier p\u00e5 s\u00e5rytan, oavsett om de lever i en syrekr\u00e4vande eller syrefri milj\u00f6, s\u00e4rskilt de grampositiva typerna. De hj\u00e4lper till att bryta ner d\u00f6d v\u00e4vnad och skadliga bakterier, vilket f\u00f6rhindrar \u00e5terinfektion och p\u00e5skyndar s\u00e5rl\u00e4kningen. Salvan orsakar inte irritation och inga allergiska reaktioner f\u00f6rekommer.<\/p>\n<div class=\"plashka\">\n<h5>Egenskaper och verkningsmekanism:<br \/>\nBioseptin - salva med hudv\u00e5rdande, antiseptiska, antiinflammatoriska och proteolytiska egenskaper.<\/h5>\n<\/div>","protected":false},"featured_media":6958,"comment_status":"open","ping_status":"closed","template":"","meta":[],"product_brand":[],"product_cat":[22],"product_tag":[],"class_list":{"0":"post-6957","1":"product","2":"type-product","3":"status-publish","4":"has-post-thumbnail","6":"product_cat-vetom-probiotikumok","8":"first","9":"outofstock","10":"taxable","11":"shipping-taxable","12":"purchasable","13":"product-type-simple"},"_links":{"self":[{"href":"https:\/\/vetomshop.hu\/sv\/wp-json\/wp\/v2\/product\/6957","targetHints":{"allow":["GET"]}}],"collection":[{"href":"https:\/\/vetomshop.hu\/sv\/wp-json\/wp\/v2\/product"}],"about":[{"href":"https:\/\/vetomshop.hu\/sv\/wp-json\/wp\/v2\/types\/product"}],"replies":[{"embeddable":true,"href":"https:\/\/vetomshop.hu\/sv\/wp-json\/wp\/v2\/comments?post=6957"}],"wp:featuredmedia":[{"embeddable":true,"href":"https:\/\/vetomshop.hu\/sv\/wp-json\/wp\/v2\/media\/6958"}],"wp:attachment":[{"href":"https:\/\/vetomshop.hu\/sv\/wp-json\/wp\/v2\/media?parent=6957"}],"wp:term":[{"taxonomy":"product_brand","embeddable":true,"href":"https:\/\/vetomshop.hu\/sv\/wp-json\/wp\/v2\/product_brand?post=6957"},{"taxonomy":"product_cat","embeddable":true,"href":"https:\/\/vetomshop.hu\/sv\/wp-json\/wp\/v2\/product_cat?post=6957"},{"taxonomy":"product_tag","embeddable":true,"href":"https:\/\/vetomshop.hu\/sv\/wp-json\/wp\/v2\/product_tag?post=6957"}],"curies":[{"name":"wp","href":"https:\/\/api.w.org\/{rel}","templated":true}]}}