{"id":7033,"date":"2025-08-19T14:24:55","date_gmt":"2025-08-19T12:24:55","guid":{"rendered":"https:\/\/vetomshop.hu\/?post_type=product&#038;p=7033"},"modified":"2025-10-21T17:32:52","modified_gmt":"2025-10-21T15:32:52","slug":"honey-vetom-biologiailag-aktiv-etrend-kiegeszito-60-ml","status":"publish","type":"product","link":"https:\/\/vetomshop.hu\/sv\/produkt\/honey-vetom-biologiailag-aktiv-etrend-kiegeszito-60-ml\/","title":{"rendered":"Honey Vetom - Biologiskt aktivt kosttillskott <span style=\"color:red\">60<\/span> ml"},"content":{"rendered":"<p><span style=\"font-size: x-large;\"><b>Honey Vetom - Biologiskt aktivt kosttillskott 60 g<\/b><\/span><\/p>\n<h5><strong>Sammans\u00e4ttning (1 portion = 10 g):<\/strong><\/h5>\n<p>* Naturlig honung: 8 g<\/p>\n<p>* Fermenterat majsextrakt (Bacillus subtilis VKPM B-10641): 1 g (inneh\u00e5ller 1\u00d710\u2076 CFU\/g bakterier)<\/p>\n<h5><strong>N\u00e4ringsv\u00e4rde i 10 g:<\/strong><\/h5>\n<ul class=\"vetom-list\">\n<li>\u00a0 * Fett: 0 g<\/li>\n<li>\u00a0 * Kolhydrater: 8 g<\/li>\n<li>\u00a0 * Protein: 0,08 g<\/li>\n<li>\u00a0 * Energi: 31,4 kcal<\/li>\n<\/ul>\n<h5><strong>Beskrivning:<\/strong><\/h5>\n<ul class=\"vetom-list\">\n<li>Honungsbaserad, t\u00e4t, homogen substans<\/li>\n<li>F\u00e4rg: kan variera fr\u00e5n vitt till m\u00f6rkbrunt<\/li>\n<li>Textur: delvis eller helt kristalliserad<\/li>\n<li>Doft: behaglig honungsdoft<\/li>\n<li>Smak: s\u00f6t, utan n\u00e5gon fr\u00e4mmande smak<\/li>\n<\/ul>\n<h5><strong>Dispensering:<\/strong><\/h5>\n<ul class=\"vetom-list\">\n<li>60 ml r\u00f6r<\/li>\n<li>I en kartong, med informationsbroschyr<\/li>\n<\/ul>\n<h5><strong>Varf\u00f6r rekommenderas det?<\/strong><\/h5>\n<ul class=\"vetom-list\">\n<li>Berikad med biologiskt aktiva substanser fr\u00e5n probiotiska mikroorganismer<\/li>\n<li>St\u00f6djer tarmfloran och immunf\u00f6rsvaret<\/li>\n<li>Ocks\u00e5 en k\u00e4lla till fruktos<\/li>\n<\/ul>\n<h5><strong>Anv\u00e4ndning och dosering:<\/strong><\/h5>\n<p>Inte ett l\u00e4kemedel<\/p>\n<ul class=\"vetom-list\">\n<li>Vuxna: 3 g\u00e5nger om dagen, med j\u00e4mna mellanrum, i 10 dagar<\/li>\n<li>En portion: 10 g (ca 1 tesked)<\/li>\n<li>Kan tas med eller utan mat (f\u00f6re, under eller efter)<\/li>\n<li>Rekommenderas att upprepas var 3:e m\u00e5nad<\/li>\n<\/ul>\n<h5><strong>F\u00f6rvaring:<\/strong><\/h5>\n<div class=\"plashka\">\n<p>* Torr, sval plats* Skyddad fr\u00e5n solljus<\/p>\n<p>* Max. vid +20 \u00b0C<\/p>\n<p>* Efter \u00f6ppning: kan anv\u00e4ndas i 12 m\u00e5nader<\/p>\n<p>* Utg\u00e5ngsdatum: 2 \u00e5r fr\u00e5n tillverkningen<\/p>\n<\/div>\n<p><strong>Varningar:<\/strong><\/p>\n<p><strong>Rekommenderas ej:<\/strong><\/p>\n<ul>\n<li>I h\u00e4ndelse av individuell k\u00e4nslighet eller allergi<\/li>\n<li>F\u00f6r gravida kvinnor, ammande kvinnor och personer under 18 \u00e5r<\/li>\n<li>F\u00f6r diabetiker<\/li>\n<li>I h\u00e4ndelse av cancer<\/li>\n<li>\u00d6verskrid inte den rekommenderade dagliga dosen!<\/li>\n<li>R\u00e5dg\u00f6r med en l\u00e4kare f\u00f6re anv\u00e4ndning<\/li>\n<\/ul>\n<p>Fruktosinneh\u00e5ll (per 30 g per dag):<\/p>\n<p>12 g fruktos , vilket \u00e4r 68,6% av det rekommenderade dagliga intaget (enligt standarderna)<\/p>\n<p><strong>Marknadsf\u00f6ringsinformation:<\/strong><\/p>\n<p><strong>Tillverkare:<\/strong> OOO NPF Issledovatelsky Tsentr, Novosibirsk, Ryssland<\/p>\n<p><strong>Distribut\u00f6r:<\/strong> Cemmedic Europe Ltd, Zichy\u00fajfalu, Ungern<\/p>\n<p>+36305573846, vetomshop.hu@gmail.com<\/p>","protected":false},"excerpt":{"rendered":"<div class=\"plashka\">\n<h5><strong>Sammans\u00e4ttning (1 portion = 10 g):<\/strong><\/h5>\n<p>- Naturlig honung: 8 g<br \/>\n- Fermenterat majsextrakt (Bacillus subtilis VKPM B-10641): 1 g (inneh\u00e5ller 1\u00d710\u2076 CFU\/g bakterier)<\/p>\n<\/div>\n<h5><strong>Beskrivning:<\/strong><\/h5>\n<ul class=\"vetom-list\">\n<li>Honungsbaserad, t\u00e4t, homogen substans<\/li>\n<li>F\u00e4rg: kan variera fr\u00e5n vitt till m\u00f6rkbrunt<\/li>\n<li>Textur: delvis eller helt kristalliserad<\/li>\n<li>Doft: behaglig honungsdoft<\/li>\n<li>Smak: s\u00f6t, utan n\u00e5gon fr\u00e4mmande smak<\/li>\n<\/ul>\n<div class=\"plashka\">\n<h5><strong>Varf\u00f6r rekommenderas det?<\/strong><\/h5>\n<ul class=\"vetom-list\">\n<li>Berikad med biologiskt aktiva substanser fr\u00e5n probiotiska mikroorganismer<\/li>\n<li>St\u00f6djer tarmfloran och immunf\u00f6rsvaret<\/li>\n<li>Ocks\u00e5 en k\u00e4lla till fruktos<\/li>\n<\/ul>\n<\/div>","protected":false},"featured_media":7034,"comment_status":"open","ping_status":"closed","template":"","meta":[],"product_brand":[],"product_cat":[37,22],"product_tag":[],"class_list":{"0":"post-7033","1":"product","2":"type-product","3":"status-publish","4":"has-post-thumbnail","6":"product_cat-mezpaszta","7":"product_cat-vetom-probiotikumok","9":"first","10":"outofstock","11":"taxable","12":"shipping-taxable","13":"purchasable","14":"product-type-simple"},"_links":{"self":[{"href":"https:\/\/vetomshop.hu\/sv\/wp-json\/wp\/v2\/product\/7033","targetHints":{"allow":["GET"]}}],"collection":[{"href":"https:\/\/vetomshop.hu\/sv\/wp-json\/wp\/v2\/product"}],"about":[{"href":"https:\/\/vetomshop.hu\/sv\/wp-json\/wp\/v2\/types\/product"}],"replies":[{"embeddable":true,"href":"https:\/\/vetomshop.hu\/sv\/wp-json\/wp\/v2\/comments?post=7033"}],"wp:featuredmedia":[{"embeddable":true,"href":"https:\/\/vetomshop.hu\/sv\/wp-json\/wp\/v2\/media\/7034"}],"wp:attachment":[{"href":"https:\/\/vetomshop.hu\/sv\/wp-json\/wp\/v2\/media?parent=7033"}],"wp:term":[{"taxonomy":"product_brand","embeddable":true,"href":"https:\/\/vetomshop.hu\/sv\/wp-json\/wp\/v2\/product_brand?post=7033"},{"taxonomy":"product_cat","embeddable":true,"href":"https:\/\/vetomshop.hu\/sv\/wp-json\/wp\/v2\/product_cat?post=7033"},{"taxonomy":"product_tag","embeddable":true,"href":"https:\/\/vetomshop.hu\/sv\/wp-json\/wp\/v2\/product_tag?post=7033"}],"curies":[{"name":"wp","href":"https:\/\/api.w.org\/{rel}","templated":true}]}}