{"id":7340,"date":"2026-01-20T11:12:33","date_gmt":"2026-01-20T10:12:33","guid":{"rendered":"https:\/\/vetomshop.hu\/?post_type=product&#038;p=7340"},"modified":"2026-03-02T20:22:06","modified_gmt":"2026-03-02T19:22:06","slug":"vektor-animals-1-2-vetom-1-2-probiotikum-por-formajaban-3-bakteriumtorzzsel-allatok-szamara-belflora-es-immunitas-10x50-g","status":"publish","type":"product","link":"https:\/\/vetomshop.hu\/sv\/produkt\/vektor-animals-1-2-vetom-1-2-probiotikum-por-formajaban-3-bakteriumtorzzsel-allatok-szamara-belflora-es-immunitas-10x50-g\/","title":{"rendered":"Vektor Animals 1.2 (Vetom 1.2) - Probiotika i pulverform med 3 bakteriestammar f\u00f6r djur (tarmflora och immunf\u00f6rsvar) - <span style=\"color:red\">10\u00d750 g<\/span>"},"content":{"rendered":"<h3>Vektor Animals 1.2 (Vetom 1.2) - Probiotika med brett spektrum (3 stammar)<\/h3>\n<div class=\"plashka\">A <strong>Vektor djur <span style=\"color: red;\">1.2<\/span><\/strong> en f\u00f6rst\u00e4rkt formel som <strong>tre typer av aktiva bakteriestammar<\/strong> inkluderar. Det \u00e4r en universell formulering: den \u00e4r l\u00e4mplig f\u00f6r d\u00e4ggdjur, f\u00e5glar, fiskar, reptiler och bin f\u00f6r att \u00e5terst\u00e4lla naturlig resistens.<\/div>\n<h5>Aktiva ingredienser - Trippelskydd<\/h5>\n<p>Produktens effekt s\u00e4kerst\u00e4lls genom en kombination av f\u00f6ljande speciellt utvalda bakteriestammar:<\/p>\n<ul class=\"vetom-list\">\n<li>Bacillus subtilis VKPM B-10641<\/li>\n<li>Bacillus amyloliquefaciens VKPM B-10642<\/li>\n<li>Bacillus amyloliquefaciens VKPM B-10643<\/li>\n<\/ul>\n<h5>Vem rekommenderas det f\u00f6r? (M\u00e5lgrupper)<\/h5>\n<p>Produkten \u00e4r unik genom att den kan anv\u00e4ndas f\u00f6r n\u00e4stan alla djurarter:<\/p>\n<ul class=\"vetom-list\">\n<li><strong>Husdjur:<\/strong> Hundar, katter (alla raser), gnagare (hamster, marsvin, kanin etc.).<\/li>\n<li><strong>Anv\u00e4ndbara djur:<\/strong> N\u00f6tkreatur, grisar, f\u00e5r, getter, h\u00e4star.<\/li>\n<li><strong>F\u00e5glar:<\/strong> Prydnadsf\u00e5glar (papegoja, kanarief\u00e5gel) och fj\u00e4derf\u00e4.<\/li>\n<li><strong>S\u00e4rskilda djur:<\/strong> Reptiler (sk\u00f6ldpadda, \u00f6dla, orm), amfibier och akvariefiskar (l\u00f6ses upp i vatten).<\/li>\n<li><strong>Bin:<\/strong> F\u00f6r att minska d\u00f6dligheten i infektioner.<\/li>\n<\/ul>\n<h5>N\u00e4r ska man anv\u00e4nda det?<\/h5>\n<p>Produkten kan anv\u00e4ndas f\u00f6r profylaktiska (f\u00f6rebyggande) och terapeutiska \u00e4ndam\u00e5l:<\/p>\n<ul class=\"vetom-list\">\n<li><strong>Efter en antibiotikakur:<\/strong> F\u00f6r att \u00e5terst\u00e4lla tarmfloran och behandla dysbios.<\/li>\n<li><strong>I stressiga situationer:<\/strong> Vid foderbyte, transport eller stress fr\u00e5n industriell odling.<\/li>\n<li><strong>St\u00e4rker immunf\u00f6rsvaret:<\/strong> Som komplement till vaccinationer f\u00f6r ett mer h\u00e5llbart immunsvar.<\/li>\n<li><strong>F\u00f6r att \u00f6ka produktionen:<\/strong> F\u00f6r att \u00f6ka \u00e4ggproduktionen hos fj\u00e4derf\u00e4 och f\u00f6r att stimulera vikt\u00f6kning och tillv\u00e4xt hos boskap.<\/li>\n<li><strong>F\u00f6rebyggande av sjukdomar:<\/strong> Till exempel f\u00f6r att minska infektioner hos bin och inflammation efter f\u00f6rlossningen (endometrit, mastit) hos kor.<\/li>\n<\/ul>\n<h5>Doseringsanvisningar<\/h5>\n<p>Pulvret kan administreras individuellt (blandas i vatten\/m\u00e5ltid) eller i grupp. <strong>Grunddos: 50 mg\/kg levande vikt.<\/strong> <\/p>\n<ul class=\"vetom-list\">\n<li><strong>F\u00f6rebyggande (botemedel):<\/strong> 1 g\u00e5ng om dagen i 15-20 dagar. Upprepa varje kvartal.<\/li>\n<li><strong>Terapi (i h\u00e4ndelse av sjukdom):<\/strong> 2 g\u00e5nger dagligen (var 8-10:e timme) tills symtomen f\u00f6rsvinner. I sv\u00e5ra fall, 4 g\u00e5nger dagligen (var 6:e timme).<\/li>\n<li><strong>Korrigering av immunbrist:<\/strong> 1-2 g\u00e5nger om dagen i 5-10 dagar.<\/li>\n<li><strong>Dosering i grupp:<\/strong> 15 000 ransoner per ton foder eller vatten.<\/li>\n<\/ul>\n<p><em>Obs: Produkten orsakar inte tillv\u00e4njning eller motst\u00e5nd.<\/em><\/p>","protected":false},"excerpt":{"rendered":"<div class=\"plashka\">A <strong>Vektor djur <span style=\"color: red;\">1.2<\/span><\/strong> (Vetom 1.2) \u00e4r ett probiotikum som inneh\u00e5ller 3 bakteriestammar som <strong>Bacillus subtilis<\/strong> och <strong>Bacillus amyloliquefaciens<\/strong> st\u00f6djer djurh\u00e4lsan med sporer.<\/div>\n<h5>Viktiga f\u00f6rdelar:<\/h5>\n<ul class=\"vetom-list\">\n<li><strong>Universal:<\/strong> Det kan ges till hundar, katter, boskap och till och med fiskar och bin.<\/li>\n<li><strong>Den trefaldiga effekten:<\/strong> De 3 olika bakteriestammarna ger ett bredare skydd mot infektioner.<\/li>\n<li><strong>Effektivitet:<\/strong> Det \u00f6kar produktiviteten, f\u00f6rb\u00e4ttrar tillv\u00e4xten och minskar behovet av l\u00e4kemedel.<\/li>\n<li><strong>S\u00e4kerhet:<\/strong> Den utvecklar inte resistens och rekommenderas starkt efter en antibiotikakur.<\/li>\n<\/ul>","protected":false},"featured_media":7341,"comment_status":"open","ping_status":"closed","template":"","meta":[],"product_brand":[],"product_cat":[38,40],"product_tag":[],"class_list":{"0":"post-7340","1":"product","2":"type-product","3":"status-publish","4":"has-post-thumbnail","6":"product_cat-vektor-animals-vetom","7":"product_cat-vektor-animals-1-2","9":"first","10":"instock","11":"featured","12":"taxable","13":"shipping-taxable","14":"purchasable","15":"product-type-simple"},"_links":{"self":[{"href":"https:\/\/vetomshop.hu\/sv\/wp-json\/wp\/v2\/product\/7340","targetHints":{"allow":["GET"]}}],"collection":[{"href":"https:\/\/vetomshop.hu\/sv\/wp-json\/wp\/v2\/product"}],"about":[{"href":"https:\/\/vetomshop.hu\/sv\/wp-json\/wp\/v2\/types\/product"}],"replies":[{"embeddable":true,"href":"https:\/\/vetomshop.hu\/sv\/wp-json\/wp\/v2\/comments?post=7340"}],"wp:featuredmedia":[{"embeddable":true,"href":"https:\/\/vetomshop.hu\/sv\/wp-json\/wp\/v2\/media\/7341"}],"wp:attachment":[{"href":"https:\/\/vetomshop.hu\/sv\/wp-json\/wp\/v2\/media?parent=7340"}],"wp:term":[{"taxonomy":"product_brand","embeddable":true,"href":"https:\/\/vetomshop.hu\/sv\/wp-json\/wp\/v2\/product_brand?post=7340"},{"taxonomy":"product_cat","embeddable":true,"href":"https:\/\/vetomshop.hu\/sv\/wp-json\/wp\/v2\/product_cat?post=7340"},{"taxonomy":"product_tag","embeddable":true,"href":"https:\/\/vetomshop.hu\/sv\/wp-json\/wp\/v2\/product_tag?post=7340"}],"curies":[{"name":"wp","href":"https:\/\/api.w.org\/{rel}","templated":true}]}}