{"id":7358,"date":"2026-01-20T16:45:04","date_gmt":"2026-01-20T15:45:04","guid":{"rendered":"https:\/\/vetomshop.hu\/?post_type=product&#038;p=7358"},"modified":"2026-03-03T07:55:22","modified_gmt":"2026-03-03T06:55:22","slug":"vektor-animals-3-vetom-3-probiotikum-por-allatoknak-bacillus-amyloliquefaciens-1x50-g","status":"publish","type":"product","link":"https:\/\/vetomshop.hu\/sv\/produkt\/vektor-animals-3-vetom-3-probiotikum-por-allatoknak-bacillus-amyloliquefaciens-1x50-g\/","title":{"rendered":"Vektor Animals 3 (Vetom 3) - Probiotiskt pulver f\u00f6r djur (Bacillus amyloliquefaciens) <span style=\"color:red\">1\u00d750 g<\/span>"},"content":{"rendered":"<h3>Vektor Animals 3 (Vetom 3) - Probiotika med speciell bakteriestam<\/h3>\n<div class=\"plashka\">\n<p>Vetom 3 \u00e4r ett naturligt probiotikum som bygger p\u00e5 de positiva effekterna av bakteriestammen Bacillus amyloliquefaciens. Denna bakterie verkar huvudsakligen i tjocktarmen, d\u00e4r den producerar enzymer och aktiva substanser. Dessa \u00e4r:<\/p>\n<p>* undertrycka skadliga (patogena och villkorligt patogena) bakterier och svampar,<br \/>\n* hj\u00e4lper till att ta bort osm\u00e4lt material fr\u00e5n tarmkanalen,<br \/>\n* st\u00f6djer ett enklare och b\u00e4ttre upptag av n\u00e4rings\u00e4mnen,<br \/>\n* hj\u00e4lper till att avgifta kroppen.<\/p>\n<p>Vetom 3 hj\u00e4lper till att \u00e5terst\u00e4lla den naturliga balansen i tarmfloran, f\u00f6rb\u00e4ttrar matsm\u00e4ltningen och \u00e4mnesoms\u00e4ttningen samt bidrar till ett effektivare utnyttjande av n\u00e4rings\u00e4mnen.<\/p>\n<h2>F\u00f6rdelar:<\/h2>\n<p>* Antibakteriella och svampd\u00f6dande egenskaper<br \/>\n* Antiviralt, enzymproducerande, matsm\u00e4ltningsst\u00f6d<br \/>\n* St\u00e4rker det cellul\u00e4ra och humorala immunf\u00f6rsvaret<br \/>\n* \u00d6kar kroppens motst\u00e5ndskraft<br \/>\n* Hj\u00e4lper till att minska allergiska reaktioner<br \/>\n* St\u00f6djer cellf\u00f6rnyelse, kan h\u00e4mma bildandet av tum\u00f6rceller<br \/>\n* F\u00f6rb\u00e4ttrar effekten av andra l\u00e4kemedel och minskar deras biverkningar<br \/>\n* Skyddar kroppen p\u00e5 cellniv\u00e5, hj\u00e4lper till att f\u00f6rhindra utveckling av tum\u00f6rer<\/p>\n<h2>F\u00f6rslag till anv\u00e4ndning:<\/h2>\n<p><strong>Rekommenderad dosering:<\/strong><br \/>\n* 1 kapsel 2-3 g\u00e5nger dagligen rekommenderas i 10 dagar, f\u00f6re, under eller efter m\u00e5ltider, med en liten m\u00e4ngd v\u00e4tska (vatten, te eller juice). \u00d6vervaka kroppens svar under behandlingens g\u00e5ng och \u00f6ka dosen gradvis om det beh\u00f6vs, upp till 5-10 kapslar per dag.<\/p>\n<p>* Behandlingen kan upprepas n\u00e4r som helst efter 1-2 veckors uppeh\u00e5ll. Det \u00e4r tillr\u00e5dligt att alternera med en annan typ av Vetom-produkt d\u00e5 och d\u00e5 f\u00f6r att fullt ut st\u00f6dja kroppens och tarmkanalens h\u00e4lsa.<\/p>\n<h2>Viktiga egenskaper:<\/h2>\n<p>*Inga biverkningar<br \/>\n*Inga \u00e5ldersbegr\u00e4nsningar<br \/>\n*F\u00e5r inte \u00f6verdoseras<br \/>\n*Inget beroende<\/p>\n<h2>Anv\u00e4ndningsomr\u00e5de:<\/h2>\n<p>Det rekommenderas som ett biologiskt aktivt kosttillskott f\u00f6r att f\u00f6rb\u00e4ttra tillst\u00e5ndet i mag-tarmkanalen och f\u00f6r att \u00e5terst\u00e4lla balansen i tarmfloran.<\/p>\n<h2>Kontraindikationer:<\/h2>\n<p>Produkten rekommenderas inte om du \u00e4r allergisk eller \u00f6verk\u00e4nslig mot n\u00e5got av dess inneh\u00e5lls\u00e4mnen.<\/p>\n<h2>Viktig information:<\/h2>\n<p>* Anv\u00e4ndning under graviditet och amning endast efter medicinsk r\u00e5dgivning<br \/>\n* P\u00e5verkar inte k\u00f6rning eller anv\u00e4ndning av farliga maskiner<\/p>\n<h2>Dosering och sammans\u00e4ttning:<\/h2>\n<p>* 10 kapslar i blisterf\u00f6rpackning, 5 f\u00f6rpackningar i en kartong (totalt 50 kapslar)<br \/>\n* Nettovikt: 0,1 kg<br \/>\n* Storlek: 4,5 \u00d7 6,5 \u00d7 8 cm<\/p>\n<h2>Inneh\u00e5llet i en kapsel:<\/h2>\n<p>* majsextrakt: 133 mg<br \/>\n* Potatisst\u00e4rkelse: 100 mg<br \/>\n* sackaros (str\u00f6socker): 67 mg<br \/>\n* Bacillus amyloliquefaciens* bakteriekultur (DSM 24613) - 30 mg (1\u00d710\u2079 CFU\/g)<\/p>\n<p>Alternativ motsvarighet i droppform: Vetom 3.22 (10 ml)<\/p>\n<p>Ursprungsland: <strong>Ryssland<\/strong><\/p>\n<\/div>","protected":false},"excerpt":{"rendered":"<div class=\"plashka\">A <strong>Vektor djur <span style=\"color: red;\">3<\/span><\/strong> (Vetom 3) <strong>Bacillus amyloliquefaciens<\/strong> en probiotika som inneh\u00e5ller sporer som hj\u00e4lper till att uppr\u00e4tth\u00e5lla ett h\u00e4lsosamt matsm\u00e4ltningssystem och st\u00e4rka immunf\u00f6rsvaret.<\/div>\n<h5>Viktiga f\u00f6rdelar:<\/h5>\n<ul class=\"vetom-list\">\n<li><strong>Skydd av tarmfloran:<\/strong> Speciellt effektiv efter antibiotikakurer.<\/li>\n<li><strong>Ett brett spektrum:<\/strong> Den kan ges till alla djurarter, fr\u00e5n fiskar till h\u00e4star.<\/li>\n<li><strong>Ekonomisk:<\/strong> Det f\u00f6rb\u00e4ttrar foderutnyttjandet och minskar risken f\u00f6r sjukdomar.<\/li>\n<li><strong>Det \u00e4r s\u00e4kert:<\/strong> Helt naturligt, utan biverkningar.<\/li>\n<\/ul>","protected":false},"featured_media":7359,"comment_status":"open","ping_status":"closed","template":"","meta":[],"product_brand":[],"product_cat":[38,41],"product_tag":[],"class_list":{"0":"post-7358","1":"product","2":"type-product","3":"status-publish","4":"has-post-thumbnail","6":"product_cat-vektor-animals-vetom","7":"product_cat-vektor-animals-3","9":"first","10":"instock","11":"featured","12":"taxable","13":"shipping-taxable","14":"purchasable","15":"product-type-simple"},"_links":{"self":[{"href":"https:\/\/vetomshop.hu\/sv\/wp-json\/wp\/v2\/product\/7358","targetHints":{"allow":["GET"]}}],"collection":[{"href":"https:\/\/vetomshop.hu\/sv\/wp-json\/wp\/v2\/product"}],"about":[{"href":"https:\/\/vetomshop.hu\/sv\/wp-json\/wp\/v2\/types\/product"}],"replies":[{"embeddable":true,"href":"https:\/\/vetomshop.hu\/sv\/wp-json\/wp\/v2\/comments?post=7358"}],"wp:featuredmedia":[{"embeddable":true,"href":"https:\/\/vetomshop.hu\/sv\/wp-json\/wp\/v2\/media\/7359"}],"wp:attachment":[{"href":"https:\/\/vetomshop.hu\/sv\/wp-json\/wp\/v2\/media?parent=7358"}],"wp:term":[{"taxonomy":"product_brand","embeddable":true,"href":"https:\/\/vetomshop.hu\/sv\/wp-json\/wp\/v2\/product_brand?post=7358"},{"taxonomy":"product_cat","embeddable":true,"href":"https:\/\/vetomshop.hu\/sv\/wp-json\/wp\/v2\/product_cat?post=7358"},{"taxonomy":"product_tag","embeddable":true,"href":"https:\/\/vetomshop.hu\/sv\/wp-json\/wp\/v2\/product_tag?post=7358"}],"curies":[{"name":"wp","href":"https:\/\/api.w.org\/{rel}","templated":true}]}}