{"id":7360,"date":"2026-01-19T16:48:29","date_gmt":"2026-01-19T15:48:29","guid":{"rendered":"https:\/\/vetomshop.hu\/?post_type=product&#038;p=7360"},"modified":"2026-03-03T07:54:36","modified_gmt":"2026-03-03T06:54:36","slug":"vektor-animals-3-vetom-3-probiotikum-por-allatoknak-bacillus-amyloliquefaciens-1x5-g","status":"publish","type":"product","link":"https:\/\/vetomshop.hu\/sv\/produkt\/vektor-animals-3-vetom-3-probiotikum-por-allatoknak-bacillus-amyloliquefaciens-1x5-g\/","title":{"rendered":"Vektor Animals 3 (Vetom 3) - Probiotiskt pulver f\u00f6r djur (Bacillus amyloliquefaciens) <span style=\"color:red\">1\u00d75 g<\/span>"},"content":{"rendered":"<h3>Vektor Animals 3 (Vetom 3) - Probiotika med speciell bakteriestam<\/h3>\n<div class=\"plashka\">A <strong>Vektor djur <span style=\"color: red;\">3<\/span><\/strong> (Vetom 3) \u00e4r ett probiotiskt preparat som <strong>Bacillus amyloliquefaciens<\/strong> (VKPM B-10642) \u00e5terst\u00e4ller balansen i tarmfloran med kraften hos en bakteriestam. Universell f\u00f6r alla djurarter, inklusive bin och akvariefiskar.<\/div>\n<h5>Aktiv substans och verkningsmekanism<\/h5>\n<p>Den \u00e4r baserad p\u00e5 en speciell sporbildande bakterie:<\/p>\n<ul class=\"vetom-list\">\n<li><strong>Bacillus amyloliquefaciens<\/strong> VKPM B-10642 (DSM 24614)<\/li>\n<\/ul>\n<p>Denna stam \u00e4r aktiv i tjocktarmen och producerar proteolytiska, amylolytiska och cellulolytiska enzymer som hj\u00e4lper till att bryta ned och absorbera n\u00e4rings\u00e4mnen och h\u00e4mmar f\u00f6r\u00f6kningen av patogener.<\/p>\n<h5>N\u00e4r rekommenderas anv\u00e4ndning av den?<\/h5>\n<p>Produkten \u00e4r en utm\u00e4rkt f\u00f6rebyggande och kompletterande behandling f\u00f6r:<\/p>\n<ul class=\"vetom-list\">\n<li><strong>Efter en antibiotikakur:<\/strong> F\u00f6r att \u00e5terskapa tarmfloran som skadats av l\u00e4kemedel.<\/li>\n<li><strong>F\u00f6r matsm\u00e4ltningsbesv\u00e4r:<\/strong> Vid diarr\u00e9, dysbios eller stress orsakad av foderbyte.<\/li>\n<li><strong>St\u00e4rker immunf\u00f6rsvaret:<\/strong> F\u00f6r att \u00f6ka effektiviteten hos vaccinationer och l\u00e4kemedelsbehandlingar.<\/li>\n<li><strong>F\u00f6r att maximera produktionen:<\/strong> F\u00f6r att f\u00f6rb\u00e4ttra vikt\u00f6kning och foderomvandling hos boskap.<\/li>\n<li><strong>I bin:<\/strong> F\u00f6r att \u00f6ka motst\u00e5ndskraften hos kolonierna och minska d\u00f6dligheten vid infektioner.<\/li>\n<\/ul>\n<h5>M\u00e5ldjur<\/h5>\n<p>Brett anv\u00e4ndningsomr\u00e5de:<\/p>\n<ul class=\"vetom-list\">\n<li><strong>Husdjur:<\/strong> Hundar, katter, gnagare.<\/li>\n<li><strong>Anv\u00e4ndbara djur:<\/strong> N\u00f6tkreatur, grisar, f\u00e5r, getter, h\u00e4star, fj\u00e4derf\u00e4.<\/li>\n<li><strong>Exotiska djur:<\/strong> Reptiler, amfibier, prydnadsfiskar (l\u00f6ses upp i vatten).<\/li>\n<\/ul>\n<h5>Doseringsrekommendation<\/h5>\n<p>Pulvret ska blandas i vatten, foder eller premix. <strong>Grunddos: 50 mg\/kg levande vikt.<\/strong><\/p>\n<ul class=\"vetom-list\">\n<li><strong>F\u00f6rebyggande (botemedel):<\/strong> 1 g\u00e5ng om dagen i 15-20 dagar. Upprepa 3-4 g\u00e5nger per \u00e5r.<\/li>\n<li><strong>Terapi:<\/strong> 2 g\u00e5nger dagligen (var 8-10:e timme) tills symtomen f\u00f6rsvinner. I sv\u00e5ra fall kan doseringsfrekvensen \u00f6kas till 4 g\u00e5nger dagligen (var 6:e timme).<\/li>\n<li><strong>Korrigering av immunbrist:<\/strong> 1-2 g\u00e5nger om dagen i 5-10 dagar.<\/li>\n<li><strong>Dosering i grupp:<\/strong> 15 000 ransoner per ton foder.<\/li>\n<\/ul>\n<h5>Viktig information<\/h5>\n<ul class=\"vetom-list\">\n<li>Ger inte upphov till motst\u00e5nd eller tillv\u00e4njning.<\/li>\n<li>Symtom p\u00e5 \u00f6verdosering \u00e4r inte k\u00e4nda.<\/li>\n<li>Det finns ingen v\u00e4ntetid f\u00f6r mat.<\/li>\n<\/ul>","protected":false},"excerpt":{"rendered":"<div class=\"plashka\">A <strong>Vektor djur <span style=\"color: red;\">3<\/span><\/strong> (Vetom 3) <strong>Bacillus amyloliquefaciens<\/strong> en probiotika som inneh\u00e5ller sporer som hj\u00e4lper till att uppr\u00e4tth\u00e5lla ett h\u00e4lsosamt matsm\u00e4ltningssystem och st\u00e4rka immunf\u00f6rsvaret.<\/div>\n<h5>Viktiga f\u00f6rdelar:<\/h5>\n<ul class=\"vetom-list\">\n<li><strong>Skydd av tarmfloran:<\/strong> Speciellt effektiv efter antibiotikakurer.<\/li>\n<li><strong>Ett brett spektrum:<\/strong> Den kan ges till alla djurarter, fr\u00e5n fiskar till h\u00e4star.<\/li>\n<li><strong>Ekonomisk:<\/strong> Det f\u00f6rb\u00e4ttrar foderutnyttjandet och minskar risken f\u00f6r sjukdomar.<\/li>\n<li><strong>Det \u00e4r s\u00e4kert:<\/strong> Helt naturligt, utan biverkningar.<\/li>\n<\/ul>","protected":false},"featured_media":7359,"comment_status":"open","ping_status":"closed","template":"","meta":[],"product_brand":[],"product_cat":[38,41],"product_tag":[],"class_list":{"0":"post-7360","1":"product","2":"type-product","3":"status-publish","4":"has-post-thumbnail","6":"product_cat-vektor-animals-vetom","7":"product_cat-vektor-animals-3","9":"first","10":"instock","11":"featured","12":"taxable","13":"shipping-taxable","14":"purchasable","15":"product-type-simple"},"_links":{"self":[{"href":"https:\/\/vetomshop.hu\/sv\/wp-json\/wp\/v2\/product\/7360","targetHints":{"allow":["GET"]}}],"collection":[{"href":"https:\/\/vetomshop.hu\/sv\/wp-json\/wp\/v2\/product"}],"about":[{"href":"https:\/\/vetomshop.hu\/sv\/wp-json\/wp\/v2\/types\/product"}],"replies":[{"embeddable":true,"href":"https:\/\/vetomshop.hu\/sv\/wp-json\/wp\/v2\/comments?post=7360"}],"wp:featuredmedia":[{"embeddable":true,"href":"https:\/\/vetomshop.hu\/sv\/wp-json\/wp\/v2\/media\/7359"}],"wp:attachment":[{"href":"https:\/\/vetomshop.hu\/sv\/wp-json\/wp\/v2\/media?parent=7360"}],"wp:term":[{"taxonomy":"product_brand","embeddable":true,"href":"https:\/\/vetomshop.hu\/sv\/wp-json\/wp\/v2\/product_brand?post=7360"},{"taxonomy":"product_cat","embeddable":true,"href":"https:\/\/vetomshop.hu\/sv\/wp-json\/wp\/v2\/product_cat?post=7360"},{"taxonomy":"product_tag","embeddable":true,"href":"https:\/\/vetomshop.hu\/sv\/wp-json\/wp\/v2\/product_tag?post=7360"}],"curies":[{"name":"wp","href":"https:\/\/api.w.org\/{rel}","templated":true}]}}